{"id":158,"date":"2023-11-13T17:41:41","date_gmt":"2023-11-13T16:41:41","guid":{"rendered":"https:\/\/anturiongallery.com\/kontakt\/"},"modified":"2026-01-07T17:00:51","modified_gmt":"2026-01-07T16:00:51","slug":"kontakt","status":"publish","type":"page","link":"https:\/\/anturiongallery.com\/de\/kontakt\/","title":{"rendered":"Kontakt"},"content":{"rendered":"<p>[et_pb_section fb_built=&#8220;1&#8243; admin_label=&#8220;Header&#8220; _builder_version=&#8220;4.27.5&#8243; _module_preset=&#8220;default&#8220; background_color=&#8220;#000a00&#8243; hover_enabled=&#8220;0&#8243; locked=&#8220;off&#8220; collapsed=&#8220;on&#8220; global_colors_info=&#8220;{%22gcid-8020c5c5-3063-43d3-92c5-9fcdd948cb76%22:%91%22background_color%22%93}&#8220; sticky_enabled=&#8220;0&#8243;][et_pb_row column_structure=&#8220;3_4,1_4&#8243; _builder_version=&#8220;4.21.0&#8243; _module_preset=&#8220;default&#8220; background_enable_image=&#8220;off&#8220; background_size=&#8220;custom&#8220; background_image_width=&#8220;24%&#8220; background_position=&#8220;top_right&#8220; global_colors_info=&#8220;{}&#8220;][et_pb_column type=&#8220;3_4&#8243; _builder_version=&#8220;4.21.0&#8243; _module_preset=&#8220;default&#8220; global_colors_info=&#8220;{}&#8220;][et_pb_text _builder_version=&#8220;4.27.5&#8243; _module_preset=&#8220;05b0e1fe-083c-4218-ac99-8bef19ecb807&#8243; text_font=&#8220;Lato|300|||||||&#8220; text_text_color=&#8220;#e00000&#8243; text_font_size=&#8220;16px&#8220; header_font=&#8220;Lato||||||||&#8220; header_text_color=&#8220;#E02B20&#8243; header_4_text_color=&#8220;#FFFFFF&#8220; global_colors_info=&#8220;{}&#8220;]<\/p>\n<p>Kontakt<\/p>\n<p>[\/et_pb_text][et_pb_text _builder_version=&#8220;4.27.5&#8243; _module_preset=&#8220;985b5346-d6a1-4aef-8263-07173e4cebb6&#8243; text_font=&#8220;Lato|300|||||||&#8220; text_text_color=&#8220;#e00000&#8243; text_font_size=&#8220;30px&#8220; header_font=&#8220;Cormorant SC|500|||||||&#8220; header_text_color=&#8220;#E02B20&#8243; custom_margin=&#8220;||10px||false|false&#8220; global_colors_info=&#8220;{}&#8220;]<\/p>\n<p>Kontaktieren Sie uns<\/p>\n<p>[\/et_pb_text][et_pb_text _builder_version=&#8220;4.27.5&#8243; _module_preset=&#8220;d7d15ab8-77bd-4abb-abea-2a7682b5bcb0&#8243; text_font=&#8220;Lato|300|||||||&#8220; text_text_color=&#8220;#e00000&#8243; header_font=&#8220;Lato|300|||||||&#8220; global_colors_info=&#8220;{}&#8220;]<\/p>\n<p>F\u00fcr Informationen und Anfragen schreiben Sie uns bitte eine Nachricht<\/p>\n<p>[\/et_pb_text][et_pb_contact_form captcha=&#8220;off&#8220; email=&#8220;info@anturiongallery.com&#8220; success_message=&#8220;Erfolgreich gesendet&#8220; submit_button_text=&#8220;Senden&#8220; _builder_version=&#8220;4.27.5&#8243; _module_preset=&#8220;9dd51c7b-3416-4b7c-98b0-a54e425b164b&#8220; form_field_background_color=&#8220;#660011&#8243; form_field_text_color=&#8220;#FFFFFF&#8220; title_font=&#8220;Lato||||||||&#8220; title_text_color=&#8220;#FFFFFF&#8220; captcha_text_color=&#8220;#FFFFFF&#8220; form_field_font=&#8220;Lato|300|||||||&#8220; custom_button=&#8220;on&#8220; button_text_size=&#8220;17px&#8220; button_text_color=&#8220;#FFFFFF&#8220; button_bg_color=&#8220;#660011&#8243; button_border_width=&#8220;0px&#8220; button_border_color=&#8220;#E09900&#8243; button_border_radius=&#8220;1px&#8220; button_font=&#8220;Lato|300|||||||&#8220; button_use_icon=&#8220;off&#8220; border_color_all=&#8220;#E09900&#8243; locked=&#8220;off&#8220; global_colors_info=&#8220;{%22gcid-84650058-bfd1-480b-a137-db1bd8df839c%22:%91%22button_bg_color%22%93,%22gcid-9bc549a6-6baa-437d-870d-a5c4631249b2%22:%91%22button_bg_color%22%93}&#8220;][et_pb_contact_field field_id=&#8220;Nombre&#8220; field_title=&#8220;Name&#8220; fullwidth_field=&#8220;on&#8220; _builder_version=&#8220;4.23.4&#8243; _module_preset=&#8220;default&#8220; form_field_focus_text_color=&#8220;#FFFFFF&#8220; global_colors_info=&#8220;{}&#8220; button_text_size__hover_enabled=&#8220;off&#8220; button_one_text_size__hover_enabled=&#8220;off&#8220; button_two_text_size__hover_enabled=&#8220;off&#8220; button_text_color__hover_enabled=&#8220;off&#8220; button_one_text_color__hover_enabled=&#8220;off&#8220; button_two_text_color__hover_enabled=&#8220;off&#8220; button_border_width__hover_enabled=&#8220;off&#8220; button_one_border_width__hover_enabled=&#8220;off&#8220; button_two_border_width__hover_enabled=&#8220;off&#8220; button_border_color__hover_enabled=&#8220;off&#8220; button_one_border_color__hover_enabled=&#8220;off&#8220; button_two_border_color__hover_enabled=&#8220;off&#8220; button_border_radius__hover_enabled=&#8220;off&#8220; button_one_border_radius__hover_enabled=&#8220;off&#8220; button_two_border_radius__hover_enabled=&#8220;off&#8220; button_letter_spacing__hover_enabled=&#8220;off&#8220; button_one_letter_spacing__hover_enabled=&#8220;off&#8220; button_two_letter_spacing__hover_enabled=&#8220;off&#8220; button_bg_color__hover_enabled=&#8220;off&#8220; button_one_bg_color__hover_enabled=&#8220;off&#8220; button_two_bg_color__hover_enabled=&#8220;off&#8220;][\/et_pb_contact_field][et_pb_contact_field field_id=&#8220;Email&#8220; field_title=&#8220;Email&#8220; field_type=&#8220;email&#8220; fullwidth_field=&#8220;on&#8220; _builder_version=&#8220;4.23.1&#8243; _module_preset=&#8220;default&#8220; form_field_focus_text_color=&#8220;#FFFFFF&#8220; global_colors_info=&#8220;{}&#8220; button_text_size__hover_enabled=&#8220;off&#8220; button_one_text_size__hover_enabled=&#8220;off&#8220; button_two_text_size__hover_enabled=&#8220;off&#8220; button_text_color__hover_enabled=&#8220;off&#8220; button_one_text_color__hover_enabled=&#8220;off&#8220; button_two_text_color__hover_enabled=&#8220;off&#8220; button_border_width__hover_enabled=&#8220;off&#8220; button_one_border_width__hover_enabled=&#8220;off&#8220; button_two_border_width__hover_enabled=&#8220;off&#8220; button_border_color__hover_enabled=&#8220;off&#8220; button_one_border_color__hover_enabled=&#8220;off&#8220; button_two_border_color__hover_enabled=&#8220;off&#8220; button_border_radius__hover_enabled=&#8220;off&#8220; button_one_border_radius__hover_enabled=&#8220;off&#8220; button_two_border_radius__hover_enabled=&#8220;off&#8220; button_letter_spacing__hover_enabled=&#8220;off&#8220; button_one_letter_spacing__hover_enabled=&#8220;off&#8220; button_two_letter_spacing__hover_enabled=&#8220;off&#8220; button_bg_color__hover_enabled=&#8220;off&#8220; button_one_bg_color__hover_enabled=&#8220;off&#8220; button_two_bg_color__hover_enabled=&#8220;off&#8220;][\/et_pb_contact_field][et_pb_contact_field field_id=&#8220;Mensaje&#8220; field_title=&#8220;Nachricht&#8220; field_type=&#8220;text&#8220; fullwidth_field=&#8220;on&#8220; _builder_version=&#8220;4.23.4&#8243; _module_preset=&#8220;default&#8220; form_field_focus_text_color=&#8220;#FFFFFF&#8220; global_colors_info=&#8220;{}&#8220; button_text_size__hover_enabled=&#8220;off&#8220; button_one_text_size__hover_enabled=&#8220;off&#8220; button_two_text_size__hover_enabled=&#8220;off&#8220; button_text_color__hover_enabled=&#8220;off&#8220; button_one_text_color__hover_enabled=&#8220;off&#8220; button_two_text_color__hover_enabled=&#8220;off&#8220; button_border_width__hover_enabled=&#8220;off&#8220; button_one_border_width__hover_enabled=&#8220;off&#8220; button_two_border_width__hover_enabled=&#8220;off&#8220; button_border_color__hover_enabled=&#8220;off&#8220; button_one_border_color__hover_enabled=&#8220;off&#8220; button_two_border_color__hover_enabled=&#8220;off&#8220; button_border_radius__hover_enabled=&#8220;off&#8220; button_one_border_radius__hover_enabled=&#8220;off&#8220; button_two_border_radius__hover_enabled=&#8220;off&#8220; button_letter_spacing__hover_enabled=&#8220;off&#8220; button_one_letter_spacing__hover_enabled=&#8220;off&#8220; button_two_letter_spacing__hover_enabled=&#8220;off&#8220; button_bg_color__hover_enabled=&#8220;off&#8220; button_one_bg_color__hover_enabled=&#8220;off&#8220; button_two_bg_color__hover_enabled=&#8220;off&#8220;][\/et_pb_contact_field][\/et_pb_contact_form][\/et_pb_column][et_pb_column type=&#8220;1_4&#8243; _builder_version=&#8220;4.21.0&#8243; _module_preset=&#8220;default&#8220; global_colors_info=&#8220;{}&#8220;][et_pb_image src=&#8220;https:\/\/anturiongallery.com\/wp-content\/uploads\/2023\/11\/Anturiongallery-Red_Logo.jpeg&#8220; alt=&#8220;Anturiongallery, Red_Logo&#8220; title_text=&#8220;Anturiongallery, Red_Logo&#8220; _builder_version=&#8220;4.23.1&#8243; _module_preset=&#8220;default&#8220; max_width=&#8220;225px&#8220; height=&#8220;100px&#8220; custom_margin=&#8220;24px|||-153px|false|false&#8220; border_color_all=&#8220;#E02B20&#8243; global_colors_info=&#8220;{}&#8220;][\/et_pb_image][\/et_pb_column][\/et_pb_row][\/et_pb_section]<\/p>\n","protected":false},"excerpt":{"rendered":"<p>Kontaktieren Sie uns, um mehr \u00fcber unsere Galerie, die K\u00fcnstlerinnen und K\u00fcnstler und die zeitgen\u00f6ssische amazonische Kunst und Kultur zu erfahren.<\/p>\n","protected":false},"author":1,"featured_media":0,"parent":0,"menu_order":0,"comment_status":"closed","ping_status":"closed","template":"","meta":{"_et_pb_use_builder":"on","_et_pb_old_content":"","_et_gb_content_width":"","footnotes":""},"class_list":["post-158","page","type-page","status-publish","hentry"],"yoast_head":"<!-- This site is optimized with the Yoast SEO plugin v27.3 - https:\/\/yoast.com\/product\/yoast-seo-wordpress\/ -->\n<title>Kontakt | Anturion Gallery<\/title>\n<meta name=\"description\" content=\"Kontaktieren Sie die Anturion Gallery. Erfahren Sie mehr \u00fcber zeitgen\u00f6ssische amazonische Kunst, indigene K\u00fcnstlerinnen und K\u00fcnstler\" \/>\n<meta name=\"robots\" content=\"index, follow, max-snippet:-1, max-image-preview:large, max-video-preview:-1\" \/>\n<link rel=\"canonical\" href=\"https:\/\/anturiongallery.com\/de\/kontakt\/\" \/>\n<meta property=\"og:locale\" content=\"de_DE\" \/>\n<meta property=\"og:type\" content=\"article\" \/>\n<meta property=\"og:title\" content=\"Kontakt | Anturion Gallery\" \/>\n<meta property=\"og:description\" content=\"Kontaktieren Sie die Anturion Gallery. Erfahren Sie mehr \u00fcber zeitgen\u00f6ssische amazonische Kunst, indigene K\u00fcnstlerinnen und K\u00fcnstler\" \/>\n<meta property=\"og:url\" content=\"https:\/\/anturiongallery.com\/de\/kontakt\/\" \/>\n<meta property=\"og:site_name\" content=\"anturiongallery\" \/>\n<meta property=\"article:publisher\" content=\"https:\/\/www.facebook.com\/arteamazonico.org\/\" \/>\n<meta property=\"article:modified_time\" content=\"2026-01-07T16:00:51+00:00\" \/>\n<meta name=\"twitter:card\" content=\"summary_large_image\" \/>\n<meta name=\"twitter:site\" content=\"@FribergRol49493\" \/>\n<meta name=\"twitter:label1\" content=\"Gesch\u00e4tzte Lesezeit\" \/>\n\t<meta name=\"twitter:data1\" content=\"1\u00a0Minute\" \/>\n<script type=\"application\/ld+json\" class=\"yoast-schema-graph\">{\"@context\":\"https:\\\/\\\/schema.org\",\"@graph\":[{\"@type\":\"WebPage\",\"@id\":\"https:\\\/\\\/anturiongallery.com\\\/de\\\/kontakt\\\/\",\"url\":\"https:\\\/\\\/anturiongallery.com\\\/de\\\/kontakt\\\/\",\"name\":\"Kontakt | Anturion Gallery\",\"isPartOf\":{\"@id\":\"https:\\\/\\\/anturiongallery.com\\\/de\\\/#website\"},\"datePublished\":\"2023-11-13T16:41:41+00:00\",\"dateModified\":\"2026-01-07T16:00:51+00:00\",\"description\":\"Kontaktieren Sie die Anturion Gallery. Erfahren Sie mehr \u00fcber zeitgen\u00f6ssische amazonische Kunst, indigene K\u00fcnstlerinnen und K\u00fcnstler\",\"breadcrumb\":{\"@id\":\"https:\\\/\\\/anturiongallery.com\\\/de\\\/kontakt\\\/#breadcrumb\"},\"inLanguage\":\"de\",\"potentialAction\":[{\"@type\":\"ReadAction\",\"target\":[\"https:\\\/\\\/anturiongallery.com\\\/de\\\/kontakt\\\/\"]}]},{\"@type\":\"BreadcrumbList\",\"@id\":\"https:\\\/\\\/anturiongallery.com\\\/de\\\/kontakt\\\/#breadcrumb\",\"itemListElement\":[{\"@type\":\"ListItem\",\"position\":1,\"name\":\"Home\",\"item\":\"https:\\\/\\\/anturiongallery.com\\\/de\\\/\"},{\"@type\":\"ListItem\",\"position\":2,\"name\":\"Kontakt\"}]},{\"@type\":\"WebSite\",\"@id\":\"https:\\\/\\\/anturiongallery.com\\\/de\\\/#website\",\"url\":\"https:\\\/\\\/anturiongallery.com\\\/de\\\/\",\"name\":\"Anturion Gallery | Arte Amaz\u00f3nico\",\"description\":\"Gegenwartskunst aus dem Amazonischen Regenwald\",\"publisher\":{\"@id\":\"https:\\\/\\\/anturiongallery.com\\\/de\\\/#organization\"},\"potentialAction\":[{\"@type\":\"SearchAction\",\"target\":{\"@type\":\"EntryPoint\",\"urlTemplate\":\"https:\\\/\\\/anturiongallery.com\\\/de\\\/?s={search_term_string}\"},\"query-input\":{\"@type\":\"PropertyValueSpecification\",\"valueRequired\":true,\"valueName\":\"search_term_string\"}}],\"inLanguage\":\"de\"},{\"@type\":\"Organization\",\"@id\":\"https:\\\/\\\/anturiongallery.com\\\/de\\\/#organization\",\"name\":\"Anturion Gallery | Arte Amaz\u00f3nico\",\"url\":\"https:\\\/\\\/anturiongallery.com\\\/de\\\/\",\"logo\":{\"@type\":\"ImageObject\",\"inLanguage\":\"de\",\"@id\":\"https:\\\/\\\/anturiongallery.com\\\/de\\\/#\\\/schema\\\/logo\\\/image\\\/\",\"url\":\"https:\\\/\\\/anturiongallery.com\\\/wp-content\\\/uploads\\\/2024\\\/03\\\/AG-YVYVYV.jpeg\",\"contentUrl\":\"https:\\\/\\\/anturiongallery.com\\\/wp-content\\\/uploads\\\/2024\\\/03\\\/AG-YVYVYV.jpeg\",\"width\":1188,\"height\":376,\"caption\":\"Anturion Gallery | Arte Amaz\u00f3nico\"},\"image\":{\"@id\":\"https:\\\/\\\/anturiongallery.com\\\/de\\\/#\\\/schema\\\/logo\\\/image\\\/\"},\"sameAs\":[\"https:\\\/\\\/www.facebook.com\\\/arteamazonico.org\\\/\",\"https:\\\/\\\/x.com\\\/FribergRol49493\",\"https:\\\/\\\/www.linkedin.com\\\/in\\\/fribergrolf\\\/\",\"https:\\\/\\\/www.instagram.com\\\/anturiongallery\\\/\"]}]}<\/script>\n<!-- \/ Yoast SEO plugin. -->","yoast_head_json":{"title":"Kontakt | Anturion Gallery","description":"Kontaktieren Sie die Anturion Gallery. Erfahren Sie mehr \u00fcber zeitgen\u00f6ssische amazonische Kunst, indigene K\u00fcnstlerinnen und K\u00fcnstler","robots":{"index":"index","follow":"follow","max-snippet":"max-snippet:-1","max-image-preview":"max-image-preview:large","max-video-preview":"max-video-preview:-1"},"canonical":"https:\/\/anturiongallery.com\/de\/kontakt\/","og_locale":"de_DE","og_type":"article","og_title":"Kontakt | Anturion Gallery","og_description":"Kontaktieren Sie die Anturion Gallery. Erfahren Sie mehr \u00fcber zeitgen\u00f6ssische amazonische Kunst, indigene K\u00fcnstlerinnen und K\u00fcnstler","og_url":"https:\/\/anturiongallery.com\/de\/kontakt\/","og_site_name":"anturiongallery","article_publisher":"https:\/\/www.facebook.com\/arteamazonico.org\/","article_modified_time":"2026-01-07T16:00:51+00:00","twitter_card":"summary_large_image","twitter_site":"@FribergRol49493","twitter_misc":{"Gesch\u00e4tzte Lesezeit":"1\u00a0Minute"},"schema":{"@context":"https:\/\/schema.org","@graph":[{"@type":"WebPage","@id":"https:\/\/anturiongallery.com\/de\/kontakt\/","url":"https:\/\/anturiongallery.com\/de\/kontakt\/","name":"Kontakt | Anturion Gallery","isPartOf":{"@id":"https:\/\/anturiongallery.com\/de\/#website"},"datePublished":"2023-11-13T16:41:41+00:00","dateModified":"2026-01-07T16:00:51+00:00","description":"Kontaktieren Sie die Anturion Gallery. Erfahren Sie mehr \u00fcber zeitgen\u00f6ssische amazonische Kunst, indigene K\u00fcnstlerinnen und K\u00fcnstler","breadcrumb":{"@id":"https:\/\/anturiongallery.com\/de\/kontakt\/#breadcrumb"},"inLanguage":"de","potentialAction":[{"@type":"ReadAction","target":["https:\/\/anturiongallery.com\/de\/kontakt\/"]}]},{"@type":"BreadcrumbList","@id":"https:\/\/anturiongallery.com\/de\/kontakt\/#breadcrumb","itemListElement":[{"@type":"ListItem","position":1,"name":"Home","item":"https:\/\/anturiongallery.com\/de\/"},{"@type":"ListItem","position":2,"name":"Kontakt"}]},{"@type":"WebSite","@id":"https:\/\/anturiongallery.com\/de\/#website","url":"https:\/\/anturiongallery.com\/de\/","name":"Anturion Gallery | Arte Amaz\u00f3nico","description":"Gegenwartskunst aus dem Amazonischen Regenwald","publisher":{"@id":"https:\/\/anturiongallery.com\/de\/#organization"},"potentialAction":[{"@type":"SearchAction","target":{"@type":"EntryPoint","urlTemplate":"https:\/\/anturiongallery.com\/de\/?s={search_term_string}"},"query-input":{"@type":"PropertyValueSpecification","valueRequired":true,"valueName":"search_term_string"}}],"inLanguage":"de"},{"@type":"Organization","@id":"https:\/\/anturiongallery.com\/de\/#organization","name":"Anturion Gallery | Arte Amaz\u00f3nico","url":"https:\/\/anturiongallery.com\/de\/","logo":{"@type":"ImageObject","inLanguage":"de","@id":"https:\/\/anturiongallery.com\/de\/#\/schema\/logo\/image\/","url":"https:\/\/anturiongallery.com\/wp-content\/uploads\/2024\/03\/AG-YVYVYV.jpeg","contentUrl":"https:\/\/anturiongallery.com\/wp-content\/uploads\/2024\/03\/AG-YVYVYV.jpeg","width":1188,"height":376,"caption":"Anturion Gallery | Arte Amaz\u00f3nico"},"image":{"@id":"https:\/\/anturiongallery.com\/de\/#\/schema\/logo\/image\/"},"sameAs":["https:\/\/www.facebook.com\/arteamazonico.org\/","https:\/\/x.com\/FribergRol49493","https:\/\/www.linkedin.com\/in\/fribergrolf\/","https:\/\/www.instagram.com\/anturiongallery\/"]}]}},"_links":{"self":[{"href":"https:\/\/anturiongallery.com\/de\/wp-json\/wp\/v2\/pages\/158","targetHints":{"allow":["GET"]}}],"collection":[{"href":"https:\/\/anturiongallery.com\/de\/wp-json\/wp\/v2\/pages"}],"about":[{"href":"https:\/\/anturiongallery.com\/de\/wp-json\/wp\/v2\/types\/page"}],"author":[{"embeddable":true,"href":"https:\/\/anturiongallery.com\/de\/wp-json\/wp\/v2\/users\/1"}],"replies":[{"embeddable":true,"href":"https:\/\/anturiongallery.com\/de\/wp-json\/wp\/v2\/comments?post=158"}],"version-history":[{"count":6,"href":"https:\/\/anturiongallery.com\/de\/wp-json\/wp\/v2\/pages\/158\/revisions"}],"predecessor-version":[{"id":12674,"href":"https:\/\/anturiongallery.com\/de\/wp-json\/wp\/v2\/pages\/158\/revisions\/12674"}],"wp:attachment":[{"href":"https:\/\/anturiongallery.com\/de\/wp-json\/wp\/v2\/media?parent=158"}],"curies":[{"name":"wp","href":"https:\/\/api.w.org\/{rel}","templated":true}]}}