{"id":162,"date":"2023-11-13T17:41:40","date_gmt":"2023-11-13T16:41:40","guid":{"rendered":"https:\/\/anturiongallery.com\/artistas\/"},"modified":"2025-12-23T17:43:03","modified_gmt":"2025-12-23T16:43:03","slug":"kuenstler","status":"publish","type":"page","link":"https:\/\/anturiongallery.com\/de\/kuenstler\/","title":{"rendered":"K\u00fcnstler"},"content":{"rendered":"<p>[et_pb_section fb_built=&#8220;1&#8243; _builder_version=&#8220;4.27.5&#8243; _module_preset=&#8220;default&#8220; hover_enabled=&#8220;0&#8243; locked=&#8220;off&#8220; global_colors_info=&#8220;{}&#8220; background_enable_image=&#8220;off&#8220; background_color=&#8220;#001600&#8243; sticky_enabled=&#8220;0&#8243;][et_pb_row _builder_version=&#8220;4.23.1&#8243; _module_preset=&#8220;default&#8220; global_colors_info=&#8220;{}&#8220; locked=&#8220;off&#8220;][et_pb_column type=&#8220;4_4&#8243; _builder_version=&#8220;4.23.1&#8243; _module_preset=&#8220;default&#8220; global_colors_info=&#8220;{}&#8220;][et_pb_text _builder_version=&#8220;4.27.5&#8243; _module_preset=&#8220;default&#8220; header_font=&#8220;Cinzel Decorative||||||||&#8220; header_text_align=&#8220;center&#8220; header_text_color=&#8220;#E02B20&#8243; header_font_size=&#8220;26px&#8220; header_2_font=&#8220;Cinzel Decorative||||||||&#8220; header_2_text_color=&#8220;#E02B20&#8243; hover_enabled=&#8220;0&#8243; global_colors_info=&#8220;{}&#8220; sticky_enabled=&#8220;0&#8243; text_text_color=&#8220;#aa0000&#8243; text_font_size=&#8220;21px&#8220; custom_margin=&#8220;-39px||||false|false&#8220;]<\/p>\n<p style=\"text-align: center;\">Anturion Gallery<\/p>\n<p>[\/et_pb_text][et_pb_text _builder_version=&#8220;4.27.5&#8243; _module_preset=&#8220;default&#8220; text_font=&#8220;Cormorant Garamond|300|||||||&#8220; text_text_color=&#8220;#aa0000&#8243; text_font_size=&#8220;20px&#8220; hover_enabled=&#8220;0&#8243; sticky_enabled=&#8220;0&#8243; custom_margin=&#8220;-32px||||false|false&#8220;]<\/p>\n<p style=\"text-align: center;\">pr\u00e4sentiert<\/p>\n<p>[\/et_pb_text][et_pb_text _builder_version=&#8220;4.27.5&#8243; _module_preset=&#8220;default&#8220; header_text_color=&#8220;#f9f9c7&#8243; hover_enabled=&#8220;0&#8243; sticky_enabled=&#8220;0&#8243; header_font=&#8220;|300|||||||&#8220; custom_margin=&#8220;45px||||false|false&#8220;]<\/p>\n<h1 style=\"text-align: center;\">Zeitgen\u00f6ssische Kunst aus dem Amazonas<\/h1>\n<p>[\/et_pb_text][\/et_pb_column][\/et_pb_row][et_pb_row column_structure=&#8220;1_4,1_4,1_4,1_4&#8243; use_custom_gutter=&#8220;on&#8220; gutter_width=&#8220;2&#8243; module_class=&#8220;two-col-mob&#8220; _builder_version=&#8220;4.23.2&#8243; _module_preset=&#8220;default&#8220; locked=&#8220;off&#8220; global_colors_info=&#8220;{}&#8220;][et_pb_column type=&#8220;1_4&#8243; _builder_version=&#8220;4.23.1&#8243; _module_preset=&#8220;default&#8220; global_colors_info=&#8220;{}&#8220;][et_pb_image src=&#8220;https:\/\/anturiongallery.com\/wp-content\/uploads\/2023\/12\/Gino-Logo.jpeg&#8220; alt=&#8220;Gino Logo&#8220; title_text=&#8220;Gino Logo&#8220; url=&#8220;https:\/\/anturiongallery.com\/gino-ceccarelli-bardales\/&#8220; _builder_version=&#8220;4.24.1&#8243; _module_preset=&#8220;default&#8220; transform_scale=&#8220;99%|99%&#8220; filter_saturate=&#8220;92%&#8220; filter_brightness=&#8220;98%&#8220; filter_contrast=&#8220;123%&#8220; border_width_all=&#8220;1px&#8220; border_color_all=&#8220;#E09900&#8243; box_shadow_style=&#8220;preset2&#8243; box_shadow_blur=&#8220;17px&#8220; box_shadow_spread=&#8220;-6px&#8220; box_shadow_color=&#8220;#6affd5&#8243; global_colors_info=&#8220;{}&#8220; transform_styles__hover_enabled=&#8220;on|hover&#8220; transform_scale__hover_enabled=&#8220;on|hover&#8220; transform_translate__hover_enabled=&#8220;on|desktop&#8220; transform_rotate__hover_enabled=&#8220;on|desktop&#8220; transform_skew__hover_enabled=&#8220;on|desktop&#8220; transform_origin__hover_enabled=&#8220;on|desktop&#8220; transform_scale__hover=&#8220;98%|98%&#8220;][\/et_pb_image][et_pb_image src=&#8220;https:\/\/anturiongallery.com\/wp-content\/uploads\/2023\/12\/Miguel-Logo.-Dezember-2023-um-11.56.12-1.jpeg&#8220; alt=&#8220;Gino Logo&#8220; title_text=&#8220;Gino Logo&#8220; url=&#8220;https:\/\/anturiongallery.com\/miguel-vilca-vargas\/&#8220; _builder_version=&#8220;4.23.2&#8243; _module_preset=&#8220;default&#8220; transform_scale=&#8220;99%|99%&#8220; filter_saturate=&#8220;92%&#8220; filter_brightness=&#8220;98%&#8220; filter_contrast=&#8220;123%&#8220; border_width_all=&#8220;1px&#8220; border_color_all=&#8220;#E09900&#8243; box_shadow_style=&#8220;preset2&#8243; box_shadow_blur=&#8220;17px&#8220; box_shadow_spread=&#8220;-6px&#8220; box_shadow_color=&#8220;#6affd5&#8243; global_colors_info=&#8220;{}&#8220; transform_scale__hover=&#8220;98%|98%&#8220; transform_scale__hover_enabled=&#8220;on|hover&#8220; transform_styles__hover_enabled=&#8220;on|hover&#8220; transform_translate__hover_enabled=&#8220;on|desktop&#8220; transform_rotate__hover_enabled=&#8220;on|desktop&#8220; transform_skew__hover_enabled=&#8220;on|desktop&#8220; transform_origin__hover_enabled=&#8220;on|desktop&#8220;][\/et_pb_image][\/et_pb_column][et_pb_column type=&#8220;1_4&#8243; _builder_version=&#8220;4.23.1&#8243; _module_preset=&#8220;default&#8220; global_colors_info=&#8220;{}&#8220;][et_pb_image src=&#8220;https:\/\/anturiongallery.com\/wp-content\/uploads\/2023\/12\/Brus-Logo.jpeg&#8220; alt=&#8220;Gino Logo&#8220; title_text=&#8220;Gino Logo&#8220; url=&#8220;https:\/\/anturiongallery.com\/brus-rubio-churay\/&#8220; _builder_version=&#8220;4.23.2&#8243; _module_preset=&#8220;default&#8220; transform_scale=&#8220;99%|99%&#8220; filter_saturate=&#8220;92%&#8220; filter_brightness=&#8220;98%&#8220; filter_contrast=&#8220;123%&#8220; border_width_all=&#8220;1px&#8220; border_color_all=&#8220;#E09900&#8243; box_shadow_style=&#8220;preset2&#8243; box_shadow_blur=&#8220;17px&#8220; box_shadow_spread=&#8220;-6px&#8220; box_shadow_color=&#8220;#6affd5&#8243; global_colors_info=&#8220;{}&#8220; transform_styles__hover_enabled=&#8220;on|hover&#8220; transform_scale__hover=&#8220;98%|98%&#8220; transform_scale__hover_enabled=&#8220;on|hover&#8220; transform_translate__hover_enabled=&#8220;on|desktop&#8220; transform_rotate__hover_enabled=&#8220;on|desktop&#8220; transform_skew__hover_enabled=&#8220;on|desktop&#8220; transform_origin__hover_enabled=&#8220;on|desktop&#8220;][\/et_pb_image][et_pb_image src=&#8220;https:\/\/anturiongallery.com\/wp-content\/uploads\/2023\/12\/Antonio-Logo-Logo.jpeg&#8220; alt=&#8220;Antonio Logo&#8220; title_text=&#8220;Antonio Logo&#8220; url=&#8220;https:\/\/anturiongallery.com\/antonio-garcia-castillo\/&#8220; _builder_version=&#8220;4.23.2&#8243; _module_preset=&#8220;default&#8220; transform_scale=&#8220;99%|99%&#8220; filter_saturate=&#8220;92%&#8220; filter_brightness=&#8220;98%&#8220; filter_contrast=&#8220;123%&#8220; border_width_all=&#8220;1px&#8220; border_color_all=&#8220;#E09900&#8243; box_shadow_style=&#8220;preset2&#8243; box_shadow_blur=&#8220;17px&#8220; box_shadow_spread=&#8220;-6px&#8220; box_shadow_color=&#8220;#6affd5&#8243; global_colors_info=&#8220;{}&#8220; transform_scale__hover=&#8220;98%|98%&#8220; transform_scale__hover_enabled=&#8220;on|hover&#8220; transform_styles__hover_enabled=&#8220;on|hover&#8220; transform_translate__hover_enabled=&#8220;on|desktop&#8220; transform_rotate__hover_enabled=&#8220;on|desktop&#8220; transform_skew__hover_enabled=&#8220;on|desktop&#8220; transform_origin__hover_enabled=&#8220;on|desktop&#8220;][\/et_pb_image][\/et_pb_column][et_pb_column type=&#8220;1_4&#8243; _builder_version=&#8220;4.23.1&#8243; _module_preset=&#8220;default&#8220; global_colors_info=&#8220;{}&#8220;][et_pb_image src=&#8220;https:\/\/anturiongallery.com\/wp-content\/uploads\/2023\/12\/Rember-Logo.jpeg&#8220; alt=&#8220;Gino Logo&#8220; title_text=&#8220;Gino Logo&#8220; url=&#8220;https:\/\/anturiongallery.com\/rember-yahuarcani\/&#8220; _builder_version=&#8220;4.23.2&#8243; _module_preset=&#8220;default&#8220; transform_scale=&#8220;99%|99%&#8220; filter_saturate=&#8220;92%&#8220; filter_brightness=&#8220;98%&#8220; filter_contrast=&#8220;123%&#8220; border_width_all=&#8220;1px&#8220; border_color_all=&#8220;#E09900&#8243; box_shadow_style=&#8220;preset2&#8243; box_shadow_blur=&#8220;17px&#8220; box_shadow_spread=&#8220;-6px&#8220; box_shadow_color=&#8220;#6affd5&#8243; global_colors_info=&#8220;{}&#8220; transform_scale__hover=&#8220;98%|98%&#8220; transform_scale__hover_enabled=&#8220;on|hover&#8220; transform_styles__hover_enabled=&#8220;on|hover&#8220; transform_translate__hover_enabled=&#8220;on|desktop&#8220; transform_rotate__hover_enabled=&#8220;on|desktop&#8220; transform_skew__hover_enabled=&#8220;on|desktop&#8220; transform_origin__hover_enabled=&#8220;on|desktop&#8220;][\/et_pb_image][et_pb_image src=&#8220;https:\/\/anturiongallery.com\/wp-content\/uploads\/2023\/12\/Graciela-Logo.-.jpeg&#8220; alt=&#8220;Gino Logo&#8220; title_text=&#8220;Gino Logo&#8220; url=&#8220;https:\/\/anturiongallery.com\/graciela-arias-salazar\/&#8220; _builder_version=&#8220;4.23.2&#8243; _module_preset=&#8220;default&#8220; transform_scale=&#8220;99%|99%&#8220; filter_saturate=&#8220;92%&#8220; filter_brightness=&#8220;98%&#8220; filter_contrast=&#8220;123%&#8220; border_width_all=&#8220;1px&#8220; border_color_all=&#8220;#E09900&#8243; box_shadow_style=&#8220;preset2&#8243; box_shadow_blur=&#8220;17px&#8220; box_shadow_spread=&#8220;-6px&#8220; box_shadow_color=&#8220;#6affd5&#8243; global_colors_info=&#8220;{}&#8220; transform_scale__hover=&#8220;98%|98%&#8220; transform_scale__hover_enabled=&#8220;on|hover&#8220; transform_styles__hover_enabled=&#8220;on|hover&#8220; transform_translate__hover_enabled=&#8220;on|desktop&#8220; transform_rotate__hover_enabled=&#8220;on|desktop&#8220; transform_skew__hover_enabled=&#8220;on|desktop&#8220; transform_origin__hover_enabled=&#8220;on|desktop&#8220;][\/et_pb_image][\/et_pb_column][et_pb_column type=&#8220;1_4&#8243; _builder_version=&#8220;4.23.1&#8243; _module_preset=&#8220;default&#8220; global_colors_info=&#8220;{}&#8220;][et_pb_image src=&#8220;https:\/\/anturiongallery.com\/wp-content\/uploads\/2023\/12\/Christian-Logo.jpeg&#8220; alt=&#8220;Gino Logo&#8220; title_text=&#8220;Gino Logo&#8220; url=&#8220;https:\/\/anturiongallery.com\/christian-bendayan\/&#8220; _builder_version=&#8220;4.23.2&#8243; _module_preset=&#8220;default&#8220; transform_scale=&#8220;99%|99%&#8220; filter_saturate=&#8220;92%&#8220; filter_brightness=&#8220;98%&#8220; filter_contrast=&#8220;123%&#8220; border_width_all=&#8220;1px&#8220; border_color_all=&#8220;#E09900&#8243; box_shadow_style=&#8220;preset2&#8243; box_shadow_blur=&#8220;17px&#8220; box_shadow_spread=&#8220;-6px&#8220; box_shadow_color=&#8220;#6affd5&#8243; global_colors_info=&#8220;{}&#8220; transform_scale__hover=&#8220;98%|98%&#8220; transform_scale__hover_enabled=&#8220;on|hover&#8220; transform_styles__hover_enabled=&#8220;on|hover&#8220; transform_translate__hover_enabled=&#8220;on|desktop&#8220; transform_rotate__hover_enabled=&#8220;on|desktop&#8220; transform_skew__hover_enabled=&#8220;on|desktop&#8220; transform_origin__hover_enabled=&#8220;on|desktop&#8220;][\/et_pb_image][et_pb_image src=&#8220;https:\/\/anturiongallery.com\/wp-content\/uploads\/2023\/12\/Lucho-Logo.jpeg&#8220; alt=&#8220;Gino Logo&#8220; title_text=&#8220;Gino Logo&#8220; url=&#8220;https:\/\/anturiongallery.com\/luis-martinez-davila\/&#8220; _builder_version=&#8220;4.23.2&#8243; _module_preset=&#8220;default&#8220; transform_scale=&#8220;99%|99%&#8220; filter_saturate=&#8220;92%&#8220; filter_brightness=&#8220;98%&#8220; filter_contrast=&#8220;123%&#8220; border_width_all=&#8220;1px&#8220; border_color_all=&#8220;#E09900&#8243; box_shadow_style=&#8220;preset2&#8243; box_shadow_blur=&#8220;17px&#8220; box_shadow_spread=&#8220;-6px&#8220; box_shadow_color=&#8220;#6affd5&#8243; global_colors_info=&#8220;{}&#8220; transform_scale__hover=&#8220;98%|98%&#8220; transform_scale__hover_enabled=&#8220;on|hover&#8220; transform_styles__hover_enabled=&#8220;on|hover&#8220; transform_translate__hover_enabled=&#8220;on|desktop&#8220; transform_rotate__hover_enabled=&#8220;on|desktop&#8220; transform_skew__hover_enabled=&#8220;on|desktop&#8220; transform_origin__hover_enabled=&#8220;on|desktop&#8220;][\/et_pb_image][\/et_pb_column][\/et_pb_row][\/et_pb_section]<\/p>\n","protected":false},"excerpt":{"rendered":"<p>Entdecken Sie f\u00fchrende K\u00fcnstler der zeitgen\u00f6ssischen Kunst aus dem Amazonas \u2013 Maler, Sch\u00f6pfer und H\u00fcter des kulturellen Verm\u00e4chtnisses des Regenwaldes.<\/p>\n","protected":false},"author":1,"featured_media":0,"parent":0,"menu_order":0,"comment_status":"closed","ping_status":"closed","template":"","meta":{"_et_pb_use_builder":"on","_et_pb_old_content":"","_et_gb_content_width":"","footnotes":""},"class_list":["post-162","page","type-page","status-publish","hentry"],"yoast_head":"<!-- This site is optimized with the Yoast SEO plugin v27.3 - https:\/\/yoast.com\/product\/yoast-seo-wordpress\/ -->\n<title>Zeitgen\u00f6ssische K\u00fcnstler aus dem Amazonas | Anturion Gallery<\/title>\n<meta name=\"description\" content=\"Entdecken Sie zeitgen\u00f6ssische amazonische K\u00fcnstler bei Anturion Gallery \u2013 die Bewahrer des kulturellen und spirituellen Erbes des Waldes.\" \/>\n<meta name=\"robots\" content=\"index, follow, max-snippet:-1, max-image-preview:large, max-video-preview:-1\" \/>\n<link rel=\"canonical\" href=\"https:\/\/anturiongallery.com\/de\/kuenstler\/\" \/>\n<meta property=\"og:locale\" content=\"de_DE\" \/>\n<meta property=\"og:type\" content=\"article\" \/>\n<meta property=\"og:title\" content=\"Zeitgen\u00f6ssische K\u00fcnstler aus dem Amazonas | Anturion Gallery\" \/>\n<meta property=\"og:description\" content=\"Entdecken Sie zeitgen\u00f6ssische amazonische K\u00fcnstler bei Anturion Gallery \u2013 die Bewahrer des kulturellen und spirituellen Erbes des Waldes.\" \/>\n<meta property=\"og:url\" content=\"https:\/\/anturiongallery.com\/de\/kuenstler\/\" \/>\n<meta property=\"og:site_name\" content=\"anturiongallery\" \/>\n<meta property=\"article:publisher\" content=\"https:\/\/www.facebook.com\/arteamazonico.org\/\" \/>\n<meta property=\"article:modified_time\" content=\"2025-12-23T16:43:03+00:00\" \/>\n<meta name=\"twitter:card\" content=\"summary_large_image\" \/>\n<meta name=\"twitter:site\" content=\"@FribergRol49493\" \/>\n<meta name=\"twitter:label1\" content=\"Gesch\u00e4tzte Lesezeit\" \/>\n\t<meta name=\"twitter:data1\" content=\"2\u00a0Minuten\" \/>\n<script type=\"application\/ld+json\" class=\"yoast-schema-graph\">{\"@context\":\"https:\\\/\\\/schema.org\",\"@graph\":[{\"@type\":\"WebPage\",\"@id\":\"https:\\\/\\\/anturiongallery.com\\\/de\\\/kuenstler\\\/\",\"url\":\"https:\\\/\\\/anturiongallery.com\\\/de\\\/kuenstler\\\/\",\"name\":\"Zeitgen\u00f6ssische K\u00fcnstler aus dem Amazonas | Anturion Gallery\",\"isPartOf\":{\"@id\":\"https:\\\/\\\/anturiongallery.com\\\/de\\\/#website\"},\"datePublished\":\"2023-11-13T16:41:40+00:00\",\"dateModified\":\"2025-12-23T16:43:03+00:00\",\"description\":\"Entdecken Sie zeitgen\u00f6ssische amazonische K\u00fcnstler bei Anturion Gallery \u2013 die Bewahrer des kulturellen und spirituellen Erbes des Waldes.\",\"breadcrumb\":{\"@id\":\"https:\\\/\\\/anturiongallery.com\\\/de\\\/kuenstler\\\/#breadcrumb\"},\"inLanguage\":\"de\",\"potentialAction\":[{\"@type\":\"ReadAction\",\"target\":[\"https:\\\/\\\/anturiongallery.com\\\/de\\\/kuenstler\\\/\"]}]},{\"@type\":\"BreadcrumbList\",\"@id\":\"https:\\\/\\\/anturiongallery.com\\\/de\\\/kuenstler\\\/#breadcrumb\",\"itemListElement\":[{\"@type\":\"ListItem\",\"position\":1,\"name\":\"Home\",\"item\":\"https:\\\/\\\/anturiongallery.com\\\/de\\\/\"},{\"@type\":\"ListItem\",\"position\":2,\"name\":\"K\u00fcnstler\"}]},{\"@type\":\"WebSite\",\"@id\":\"https:\\\/\\\/anturiongallery.com\\\/de\\\/#website\",\"url\":\"https:\\\/\\\/anturiongallery.com\\\/de\\\/\",\"name\":\"Anturion Gallery | Arte Amaz\u00f3nico\",\"description\":\"Gegenwartskunst aus dem Amazonischen Regenwald\",\"publisher\":{\"@id\":\"https:\\\/\\\/anturiongallery.com\\\/de\\\/#organization\"},\"potentialAction\":[{\"@type\":\"SearchAction\",\"target\":{\"@type\":\"EntryPoint\",\"urlTemplate\":\"https:\\\/\\\/anturiongallery.com\\\/de\\\/?s={search_term_string}\"},\"query-input\":{\"@type\":\"PropertyValueSpecification\",\"valueRequired\":true,\"valueName\":\"search_term_string\"}}],\"inLanguage\":\"de\"},{\"@type\":\"Organization\",\"@id\":\"https:\\\/\\\/anturiongallery.com\\\/de\\\/#organization\",\"name\":\"Anturion Gallery | Arte Amaz\u00f3nico\",\"url\":\"https:\\\/\\\/anturiongallery.com\\\/de\\\/\",\"logo\":{\"@type\":\"ImageObject\",\"inLanguage\":\"de\",\"@id\":\"https:\\\/\\\/anturiongallery.com\\\/de\\\/#\\\/schema\\\/logo\\\/image\\\/\",\"url\":\"https:\\\/\\\/anturiongallery.com\\\/wp-content\\\/uploads\\\/2024\\\/03\\\/AG-YVYVYV.jpeg\",\"contentUrl\":\"https:\\\/\\\/anturiongallery.com\\\/wp-content\\\/uploads\\\/2024\\\/03\\\/AG-YVYVYV.jpeg\",\"width\":1188,\"height\":376,\"caption\":\"Anturion Gallery | Arte Amaz\u00f3nico\"},\"image\":{\"@id\":\"https:\\\/\\\/anturiongallery.com\\\/de\\\/#\\\/schema\\\/logo\\\/image\\\/\"},\"sameAs\":[\"https:\\\/\\\/www.facebook.com\\\/arteamazonico.org\\\/\",\"https:\\\/\\\/x.com\\\/FribergRol49493\",\"https:\\\/\\\/www.linkedin.com\\\/in\\\/fribergrolf\\\/\",\"https:\\\/\\\/www.instagram.com\\\/anturiongallery\\\/\"]}]}<\/script>\n<!-- \/ Yoast SEO plugin. -->","yoast_head_json":{"title":"Zeitgen\u00f6ssische K\u00fcnstler aus dem Amazonas | Anturion Gallery","description":"Entdecken Sie zeitgen\u00f6ssische amazonische K\u00fcnstler bei Anturion Gallery \u2013 die Bewahrer des kulturellen und spirituellen Erbes des Waldes.","robots":{"index":"index","follow":"follow","max-snippet":"max-snippet:-1","max-image-preview":"max-image-preview:large","max-video-preview":"max-video-preview:-1"},"canonical":"https:\/\/anturiongallery.com\/de\/kuenstler\/","og_locale":"de_DE","og_type":"article","og_title":"Zeitgen\u00f6ssische K\u00fcnstler aus dem Amazonas | Anturion Gallery","og_description":"Entdecken Sie zeitgen\u00f6ssische amazonische K\u00fcnstler bei Anturion Gallery \u2013 die Bewahrer des kulturellen und spirituellen Erbes des Waldes.","og_url":"https:\/\/anturiongallery.com\/de\/kuenstler\/","og_site_name":"anturiongallery","article_publisher":"https:\/\/www.facebook.com\/arteamazonico.org\/","article_modified_time":"2025-12-23T16:43:03+00:00","twitter_card":"summary_large_image","twitter_site":"@FribergRol49493","twitter_misc":{"Gesch\u00e4tzte Lesezeit":"2\u00a0Minuten"},"schema":{"@context":"https:\/\/schema.org","@graph":[{"@type":"WebPage","@id":"https:\/\/anturiongallery.com\/de\/kuenstler\/","url":"https:\/\/anturiongallery.com\/de\/kuenstler\/","name":"Zeitgen\u00f6ssische K\u00fcnstler aus dem Amazonas | Anturion Gallery","isPartOf":{"@id":"https:\/\/anturiongallery.com\/de\/#website"},"datePublished":"2023-11-13T16:41:40+00:00","dateModified":"2025-12-23T16:43:03+00:00","description":"Entdecken Sie zeitgen\u00f6ssische amazonische K\u00fcnstler bei Anturion Gallery \u2013 die Bewahrer des kulturellen und spirituellen Erbes des Waldes.","breadcrumb":{"@id":"https:\/\/anturiongallery.com\/de\/kuenstler\/#breadcrumb"},"inLanguage":"de","potentialAction":[{"@type":"ReadAction","target":["https:\/\/anturiongallery.com\/de\/kuenstler\/"]}]},{"@type":"BreadcrumbList","@id":"https:\/\/anturiongallery.com\/de\/kuenstler\/#breadcrumb","itemListElement":[{"@type":"ListItem","position":1,"name":"Home","item":"https:\/\/anturiongallery.com\/de\/"},{"@type":"ListItem","position":2,"name":"K\u00fcnstler"}]},{"@type":"WebSite","@id":"https:\/\/anturiongallery.com\/de\/#website","url":"https:\/\/anturiongallery.com\/de\/","name":"Anturion Gallery | Arte Amaz\u00f3nico","description":"Gegenwartskunst aus dem Amazonischen Regenwald","publisher":{"@id":"https:\/\/anturiongallery.com\/de\/#organization"},"potentialAction":[{"@type":"SearchAction","target":{"@type":"EntryPoint","urlTemplate":"https:\/\/anturiongallery.com\/de\/?s={search_term_string}"},"query-input":{"@type":"PropertyValueSpecification","valueRequired":true,"valueName":"search_term_string"}}],"inLanguage":"de"},{"@type":"Organization","@id":"https:\/\/anturiongallery.com\/de\/#organization","name":"Anturion Gallery | Arte Amaz\u00f3nico","url":"https:\/\/anturiongallery.com\/de\/","logo":{"@type":"ImageObject","inLanguage":"de","@id":"https:\/\/anturiongallery.com\/de\/#\/schema\/logo\/image\/","url":"https:\/\/anturiongallery.com\/wp-content\/uploads\/2024\/03\/AG-YVYVYV.jpeg","contentUrl":"https:\/\/anturiongallery.com\/wp-content\/uploads\/2024\/03\/AG-YVYVYV.jpeg","width":1188,"height":376,"caption":"Anturion Gallery | Arte Amaz\u00f3nico"},"image":{"@id":"https:\/\/anturiongallery.com\/de\/#\/schema\/logo\/image\/"},"sameAs":["https:\/\/www.facebook.com\/arteamazonico.org\/","https:\/\/x.com\/FribergRol49493","https:\/\/www.linkedin.com\/in\/fribergrolf\/","https:\/\/www.instagram.com\/anturiongallery\/"]}]}},"_links":{"self":[{"href":"https:\/\/anturiongallery.com\/de\/wp-json\/wp\/v2\/pages\/162","targetHints":{"allow":["GET"]}}],"collection":[{"href":"https:\/\/anturiongallery.com\/de\/wp-json\/wp\/v2\/pages"}],"about":[{"href":"https:\/\/anturiongallery.com\/de\/wp-json\/wp\/v2\/types\/page"}],"author":[{"embeddable":true,"href":"https:\/\/anturiongallery.com\/de\/wp-json\/wp\/v2\/users\/1"}],"replies":[{"embeddable":true,"href":"https:\/\/anturiongallery.com\/de\/wp-json\/wp\/v2\/comments?post=162"}],"version-history":[{"count":6,"href":"https:\/\/anturiongallery.com\/de\/wp-json\/wp\/v2\/pages\/162\/revisions"}],"predecessor-version":[{"id":11693,"href":"https:\/\/anturiongallery.com\/de\/wp-json\/wp\/v2\/pages\/162\/revisions\/11693"}],"wp:attachment":[{"href":"https:\/\/anturiongallery.com\/de\/wp-json\/wp\/v2\/media?parent=162"}],"curies":[{"name":"wp","href":"https:\/\/api.w.org\/{rel}","templated":true}]}}