{"id":5420,"date":"2024-02-25T23:05:04","date_gmt":"2024-02-25T22:05:04","guid":{"rendered":"https:\/\/anturiongallery.com\/ideas\/"},"modified":"2026-03-04T11:45:44","modified_gmt":"2026-03-04T10:45:44","slug":"interieur-design-ideen","status":"publish","type":"page","link":"https:\/\/anturiongallery.com\/de\/interieur-design-ideen\/","title":{"rendered":"Ideen"},"content":{"rendered":"<p>[et_pb_section fb_built=&#8220;1&#8243; _builder_version=&#8220;4.27.5&#8243; _module_preset=&#8220;default&#8220; background_color=&#8220;#001600&#8243; background_enable_image=&#8220;off&#8220; global_colors_info=&#8220;{}&#8220;][et_pb_row _builder_version=&#8220;4.27.5&#8243; _module_preset=&#8220;default&#8220; global_colors_info=&#8220;{}&#8220;][et_pb_column type=&#8220;4_4&#8243; _builder_version=&#8220;4.27.5&#8243; _module_preset=&#8220;default&#8220; global_colors_info=&#8220;{}&#8220;][et_pb_text _builder_version=&#8220;4.27.6&#8243; _module_preset=&#8220;default&#8220; text_font=&#8220;Cormorant SC||||||||&#8220; text_text_color=&#8220;#E09900&#8243; text_font_size=&#8220;31px&#8220; header_font=&#8220;Cormorant Garamond|300|||||||&#8220; header_text_color=&#8220;#f9f9c7&#8243; header_font_size=&#8220;34px&#8220; text_orientation=&#8220;center&#8220; hover_enabled=&#8220;0&#8243; global_colors_info=&#8220;{}&#8220; sticky_enabled=&#8220;0&#8243;]<\/p>\n<h1 class=\"p1\"><em>Ideen f\u00fcr inspirierende Interieurs<\/em><\/h1>\n<p>[\/et_pb_text][et_pb_text _builder_version=&#8220;4.27.6&#8243; _module_preset=&#8220;default&#8220; text_font=&#8220;Cormorant SC||||||||&#8220; text_text_color=&#8220;#E09900&#8243; text_font_size=&#8220;31px&#8220; header_font=&#8220;Cormorant Garamond|300|||||||&#8220; header_text_color=&#8220;#f9f9c7&#8243; header_font_size=&#8220;28px&#8220; text_orientation=&#8220;center&#8220; hover_enabled=&#8220;0&#8243; global_colors_info=&#8220;{}&#8220; sticky_enabled=&#8220;0&#8243;]<\/p>\n<h1 class=\"p1\"><b>Zeitgen\u00f6ssische Kunst aus dem Amazonas f\u00fcr R\u00e4ume, die durch Aufmerksamkeit gepr\u00e4gt sind.<\/b><\/h1>\n<p>[\/et_pb_text][\/et_pb_column][\/et_pb_row][et_pb_row _builder_version=&#8220;4.24.2&#8243; _module_preset=&#8220;default&#8220; custom_padding=&#8220;26px|||||&#8220; locked=&#8220;off&#8220; global_colors_info=&#8220;{}&#8220;][et_pb_column type=&#8220;4_4&#8243; _builder_version=&#8220;4.24.2&#8243; _module_preset=&#8220;default&#8220; global_colors_info=&#8220;{}&#8220;][et_pb_text _builder_version=&#8220;4.27.6&#8243; _module_preset=&#8220;default&#8220; text_font=&#8220;||||||||&#8220; text_text_color=&#8220;#e4cfa3&#8243; text_font_size=&#8220;24px&#8220; header_font=&#8220;Cormorant Garamond||||||||&#8220; header_text_color=&#8220;#FFFFFF&#8220; header_font_size=&#8220;36px&#8220; header_2_font=&#8220;Cormorant Garamond||||||||&#8220; header_2_text_color=&#8220;#6affd5&#8243; header_2_font_size=&#8220;20px&#8220; text_orientation=&#8220;center&#8220; hover_enabled=&#8220;0&#8243; global_colors_info=&#8220;{}&#8220; sticky_enabled=&#8220;0&#8243;]<\/p>\n<p class=\"p1\" style=\"text-align: center;\"><b>Werke, die kulturelles Ged\u00e4chtnis tragen<\/b><\/p>\n<p class=\"p1\"><b>und unsere Beziehung zu Raum, Natur und Pr\u00e4senz neu definieren.<\/b><\/p>\n<p>[\/et_pb_text][\/et_pb_column][\/et_pb_row][et_pb_row _builder_version=&#8220;4.27.5&#8243; _module_preset=&#8220;default&#8220; custom_margin=&#8220;-10px||||false|false&#8220; global_colors_info=&#8220;{}&#8220;][et_pb_column type=&#8220;4_4&#8243; _builder_version=&#8220;4.27.5&#8243; _module_preset=&#8220;default&#8220; global_colors_info=&#8220;{}&#8220;][et_pb_text _builder_version=&#8220;4.27.5&#8243; _module_preset=&#8220;default&#8220; text_font=&#8220;|300|||||||&#8220; text_text_color=&#8220;#f9f9c7&#8243; text_font_size=&#8220;32px&#8220; header_font=&#8220;||||||||&#8220; header_text_color=&#8220;#E02B20&#8243; header_font_size=&#8220;34px&#8220; header_2_text_color=&#8220;#E02B20&#8243; header_2_font_size=&#8220;27px&#8220; text_orientation=&#8220;center&#8220; custom_margin=&#8220;||||false|false&#8220; global_colors_info=&#8220;{}&#8220;]<\/p>\n<p class=\"p1\"><em>Wo Kunst zur Erfahrung wird<\/em><\/p>\n<p>[\/et_pb_text][\/et_pb_column][\/et_pb_row][\/et_pb_section][et_pb_section fb_built=&#8220;1&#8243; _builder_version=&#8220;4.24.2&#8243; _module_preset=&#8220;default&#8220; background_color=&#8220;#001600&#8243; background_enable_image=&#8220;off&#8220; locked=&#8220;off&#8220; global_colors_info=&#8220;{}&#8220;][et_pb_row column_structure=&#8220;1_2,1_2&#8243; _builder_version=&#8220;4.27.4&#8243; _module_preset=&#8220;default&#8220; custom_padding=&#8220;69px||||false|false&#8220; global_colors_info=&#8220;{}&#8220;][et_pb_column type=&#8220;1_2&#8243; _builder_version=&#8220;4.24.2&#8243; _module_preset=&#8220;default&#8220; global_colors_info=&#8220;{}&#8220;][et_pb_text _builder_version=&#8220;4.27.5&#8243; _module_preset=&#8220;default&#8220; text_font=&#8220;Cormorant SC||||||||&#8220; text_text_color=&#8220;#e4cfa3&#8243; text_font_size=&#8220;31px&#8220; header_font=&#8220;Cormorant SC||||||||&#8220; header_text_color=&#8220;#6affd5&#8243; text_orientation=&#8220;center&#8220; global_colors_info=&#8220;{}&#8220;]<\/p>\n<p>Zuhause<\/p>\n<p>[\/et_pb_text][\/et_pb_column][et_pb_column type=&#8220;1_2&#8243; _builder_version=&#8220;4.24.2&#8243; _module_preset=&#8220;default&#8220; global_colors_info=&#8220;{}&#8220;][et_pb_text _builder_version=&#8220;4.27.5&#8243; _module_preset=&#8220;default&#8220; text_font=&#8220;Cormorant SC||||||||&#8220; text_text_color=&#8220;#e4cfa3&#8243; text_font_size=&#8220;31px&#8220; header_font=&#8220;Cormorant SC||||||||&#8220; header_text_color=&#8220;#6affd5&#8243; text_orientation=&#8220;center&#8220; global_colors_info=&#8220;{}&#8220;]<\/p>\n<p>Unternehmen<\/p>\n<p>&nbsp;<\/p>\n<p>[\/et_pb_text][\/et_pb_column][\/et_pb_row][et_pb_row column_structure=&#8220;1_2,1_2&#8243; _builder_version=&#8220;4.24.2&#8243; _module_preset=&#8220;default&#8220; locked=&#8220;off&#8220; global_colors_info=&#8220;{}&#8220;][et_pb_column type=&#8220;1_2&#8243; _builder_version=&#8220;4.24.2&#8243; _module_preset=&#8220;default&#8220; global_colors_info=&#8220;{}&#8220;][et_pb_image src=&#8220;https:\/\/anturiongallery.com\/wp-content\/uploads\/2024\/03\/Antonio-Garcia-Castillo-Gatomu-X.jpeg&#8220; alt=&#8220;Antonio Garcia Castillo , Gato,mu X&#8220; title_text=&#8220;Antonio Garcia Castillo , Gato,mu X&#8220; _builder_version=&#8220;4.24.2&#8243; _module_preset=&#8220;default&#8220; global_colors_info=&#8220;{}&#8220;][\/et_pb_image][et_pb_image src=&#8220;https:\/\/anturiongallery.com\/wp-content\/uploads\/2024\/03\/anaconda-muX.jpeg&#8220; alt=&#8220;Gino Ceccarelli, anaconda muX&#8220; title_text=&#8220;Gino Ceccarelli, anaconda muX&#8220; _builder_version=&#8220;4.24.2&#8243; _module_preset=&#8220;default&#8220; global_colors_info=&#8220;{}&#8220;][\/et_pb_image][et_pb_image src=&#8220;https:\/\/anturiongallery.com\/wp-content\/uploads\/2024\/03\/Antonio-Garcia-Castillo-Mariposal-Kopie-scaled.jpg&#8220; alt=&#8220;Antonio Garcia Castillo, Mariposal, mu X&#8220; title_text=&#8220;Antonio Garcia Castillo, Mariposal, mu X&#8220; _builder_version=&#8220;4.24.2&#8243; _module_preset=&#8220;default&#8220; global_colors_info=&#8220;{}&#8220;][\/et_pb_image][et_pb_image src=&#8220;https:\/\/anturiongallery.com\/wp-content\/uploads\/2024\/03\/Antonio-Garcia-Castillo-Red-Yellow-mu-X-scaled.jpg&#8220; alt=&#8220;Antonio Garcia Castillo, Mariposal, mu X&#8220; title_text=&#8220;Antonio Garcia Castillo, Red Yellow, mu X&#8220; _builder_version=&#8220;4.24.2&#8243; _module_preset=&#8220;default&#8220; global_colors_info=&#8220;{}&#8220;][\/et_pb_image][\/et_pb_column][et_pb_column type=&#8220;1_2&#8243; _builder_version=&#8220;4.24.2&#8243; _module_preset=&#8220;default&#8220; global_colors_info=&#8220;{}&#8220;][et_pb_image src=&#8220;https:\/\/anturiongallery.com\/wp-content\/uploads\/2024\/02\/Gino-Ceccarelli-Evolution-Mock-up&#8211;scaled.jpg&#8220; alt=&#8220;Gino Ceccarelli, Evoluti\u00f3n Mock up&#8220; title_text=&#8220;Gino Ceccarelli, Evoluti\u00f3n Mock up&#8220; _builder_version=&#8220;4.24.2&#8243; _module_preset=&#8220;default&#8220; global_colors_info=&#8220;{}&#8220;][\/et_pb_image][et_pb_image src=&#8220;https:\/\/anturiongallery.com\/wp-content\/uploads\/2024\/03\/Brus-Rubio-Viaje-Ecologico-mu-X-scaled.jpg&#8220; title_text=&#8220;Brus Rubio, Viaje Ecologico, mu X&#8220; _builder_version=&#8220;4.24.2&#8243; _module_preset=&#8220;default&#8220; global_colors_info=&#8220;{}&#8220;][\/et_pb_image][et_pb_image src=&#8220;https:\/\/anturiongallery.com\/wp-content\/uploads\/2024\/03\/Brus-Rubio-Mujer-de-Amanezer.-mu-Xjpg.jpg&#8220; alt=&#8220;Brus Rubio, Mujer de Amanezer. mu Xjpg&#8220; title_text=&#8220;Brus Rubio, Mujer de Amanezer. mu Xjpg&#8220; _builder_version=&#8220;4.24.2&#8243; _module_preset=&#8220;default&#8220; global_colors_info=&#8220;{}&#8220;][\/et_pb_image][et_pb_image src=&#8220;https:\/\/anturiongallery.com\/wp-content\/uploads\/2024\/03\/Graciela-Arias-Magia-mu-X-scaled.jpg&#8220; alt=&#8220;Graciela Arias ,Magia mu X&#8220; title_text=&#8220;Graciela Arias ,Magia mu X&#8220; _builder_version=&#8220;4.24.2&#8243; _module_preset=&#8220;default&#8220; global_colors_info=&#8220;{}&#8220;][\/et_pb_image][et_pb_image src=&#8220;https:\/\/anturiongallery.com\/wp-content\/uploads\/2024\/02\/Gino-Ceccarelli-Cara-MU-scaled.jpg&#8220; alt=&#8220;Gino Ceccarelli, Evoluti\u00f3n Mock up #2&#8243; title_text=&#8220;Gino Ceccarelli, Evoluti\u00f3n Mock up #2&#8243; _builder_version=&#8220;4.24.2&#8243; _module_preset=&#8220;default&#8220; global_colors_info=&#8220;{}&#8220;][\/et_pb_image][\/et_pb_column][\/et_pb_row][\/et_pb_section][et_pb_section fb_built=&#8220;1&#8243; _builder_version=&#8220;4.24.2&#8243; _module_preset=&#8220;default&#8220; background_color=&#8220;#001600&#8243; background_enable_image=&#8220;off&#8220; locked=&#8220;off&#8220; global_colors_info=&#8220;{}&#8220;][et_pb_row column_structure=&#8220;1_2,1_2&#8243; _builder_version=&#8220;4.24.2&#8243; _module_preset=&#8220;default&#8220; locked=&#8220;off&#8220; global_colors_info=&#8220;{}&#8220;][et_pb_column type=&#8220;1_2&#8243; _builder_version=&#8220;4.24.2&#8243; _module_preset=&#8220;default&#8220; global_colors_info=&#8220;{}&#8220;][et_pb_image src=&#8220;https:\/\/anturiongallery.com\/wp-content\/uploads\/2024\/03\/Brus-Rubio-Danza-mu-X.jpeg&#8220; alt=&#8220;Antonio Garcia Castillo, Mariposal, mu X&#8220; title_text=&#8220;Brus Rubio, Danza mu X&#8220; _builder_version=&#8220;4.24.2&#8243; _module_preset=&#8220;default&#8220; global_colors_info=&#8220;{}&#8220;][\/et_pb_image][et_pb_image src=&#8220;https:\/\/anturiongallery.com\/wp-content\/uploads\/2024\/03\/Gino-Ceccarelli-Bebeluna-mu-X.jpg&#8220; alt=&#8220;Gino Ceccarelli, Bebeluna, mu X&#8220; title_text=&#8220;Gino Ceccarelli, Bebeluna, mu X&#8220; _builder_version=&#8220;4.24.2&#8243; _module_preset=&#8220;default&#8220; global_colors_info=&#8220;{}&#8220;][\/et_pb_image][et_pb_image src=&#8220;https:\/\/anturiongallery.com\/wp-content\/uploads\/2024\/03\/Gino-Ceccarelli-Runamula-amarillo-mu-x-scaled.jpg&#8220; alt=&#8220;Gino Ceccarelli, Runamula amarillo mu x&#8220; title_text=&#8220;Gino Ceccarelli, Runamula amarillo mu x&#8220; _builder_version=&#8220;4.24.2&#8243; _module_preset=&#8220;default&#8220; global_colors_info=&#8220;{}&#8220;][\/et_pb_image][\/et_pb_column][et_pb_column type=&#8220;1_2&#8243; _builder_version=&#8220;4.24.2&#8243; _module_preset=&#8220;default&#8220; global_colors_info=&#8220;{}&#8220;][et_pb_image src=&#8220;https:\/\/anturiongallery.com\/wp-content\/uploads\/2024\/03\/Miguel-Vilva-Vargas-Tetorongo-mu-X.jpeg&#8220; alt=&#8220;Miguel Vilva Vargas, Tetorongo, mu X&#8220; title_text=&#8220;Miguel Vilva Vargas, Tetorongo, mu X&#8220; _builder_version=&#8220;4.24.2&#8243; _module_preset=&#8220;default&#8220; global_colors_info=&#8220;{}&#8220;][\/et_pb_image][et_pb_image src=&#8220;https:\/\/anturiongallery.com\/wp-content\/uploads\/2024\/03\/Red-anturiongallery-mu-X.jpeg&#8220; alt=&#8220;Red anturiongallery, mu X&#8220; title_text=&#8220;Red anturiongallery, mu X&#8220; _builder_version=&#8220;4.24.2&#8243; _module_preset=&#8220;default&#8220; global_colors_info=&#8220;{}&#8220;][\/et_pb_image][et_pb_image src=&#8220;https:\/\/anturiongallery.com\/wp-content\/uploads\/2024\/03\/Gino-Ceccarelli-La-conquista-mu-X.jpeg&#8220; alt=&#8220;Gino Ceccarelli, La conquista, mu X&#8220; title_text=&#8220;Gino Ceccarelli, La conquista, mu X&#8220; _builder_version=&#8220;4.24.2&#8243; _module_preset=&#8220;default&#8220; global_colors_info=&#8220;{}&#8220;][\/et_pb_image][\/et_pb_column][\/et_pb_row][et_pb_row column_structure=&#8220;1_2,1_2&#8243; _builder_version=&#8220;4.24.2&#8243; _module_preset=&#8220;default&#8220; locked=&#8220;off&#8220; global_colors_info=&#8220;{}&#8220;][et_pb_column type=&#8220;1_2&#8243; _builder_version=&#8220;4.24.2&#8243; _module_preset=&#8220;default&#8220; global_colors_info=&#8220;{}&#8220;][et_pb_image src=&#8220;https:\/\/anturiongallery.com\/wp-content\/uploads\/2024\/02\/Rembere-Yahuarcani-sobre-el-rio-MU.jpeg&#8220; alt=&#8220;Gino Ceccarelli, Evoluti\u00f3n Mock up&#8220; title_text=&#8220;Rember Yahuarcani, Mock up #1&#8243; _builder_version=&#8220;4.24.2&#8243; _module_preset=&#8220;default&#8220; max_height=&#8220;1000px&#8220; global_colors_info=&#8220;{}&#8220;][\/et_pb_image][\/et_pb_column][et_pb_column type=&#8220;1_2&#8243; _builder_version=&#8220;4.24.2&#8243; _module_preset=&#8220;default&#8220; global_colors_info=&#8220;{}&#8220;][et_pb_image src=&#8220;https:\/\/anturiongallery.com\/wp-content\/uploads\/2024\/03\/Miguel-Vilca-Vargas-Snakejenny-MU.jpeg&#8220; alt=&#8220;Miguel Vilca Vargas, Snakejenny MU&#8220; title_text=&#8220;Miguel Vilca Vargas, Snakejenny MU&#8220; _builder_version=&#8220;4.24.2&#8243; _module_preset=&#8220;default&#8220; global_colors_info=&#8220;{}&#8220;][\/et_pb_image][\/et_pb_column][\/et_pb_row][\/et_pb_section]<\/p>\n","protected":false},"excerpt":{"rendered":"<p>Inspirierende Interieur-Design-Ideen f\u00fcr inspirierende Innenr\u00e4ume \u2013 eine Begegnung von Natur, Kultur und modernem Design mit nachhaltiger Seele.<\/p>\n","protected":false},"author":1,"featured_media":0,"parent":0,"menu_order":0,"comment_status":"closed","ping_status":"closed","template":"","meta":{"_et_pb_use_builder":"on","_et_pb_old_content":"","_et_gb_content_width":"","footnotes":""},"class_list":["post-5420","page","type-page","status-publish","hentry"],"yoast_head":"<!-- This site is optimized with the Yoast SEO plugin v27.3 - https:\/\/yoast.com\/product\/yoast-seo-wordpress\/ -->\n<title>Inspirierende Interieur-Design-Ideen | Anturion Gallery<\/title>\n<meta name=\"description\" content=\"Inspirierende Interieur-Design-Ideen mit zeitgen\u00f6ssischer amazonischer Kunst. R\u00e4ume voller Atmosph\u00e4re, in denen Kunst zur Erfahrung wird\" \/>\n<meta name=\"robots\" content=\"index, follow, max-snippet:-1, max-image-preview:large, max-video-preview:-1\" \/>\n<link rel=\"canonical\" href=\"https:\/\/anturiongallery.com\/de\/interieur-design-ideen\/\" \/>\n<meta property=\"og:locale\" content=\"de_DE\" \/>\n<meta property=\"og:type\" content=\"article\" \/>\n<meta property=\"og:title\" content=\"Inspirierende Interieur-Design-Ideen | Anturion Gallery\" \/>\n<meta property=\"og:description\" content=\"Inspirierende Interieur-Design-Ideen mit zeitgen\u00f6ssischer amazonischer Kunst. R\u00e4ume voller Atmosph\u00e4re, in denen Kunst zur Erfahrung wird\" \/>\n<meta property=\"og:url\" content=\"https:\/\/anturiongallery.com\/de\/interieur-design-ideen\/\" \/>\n<meta property=\"og:site_name\" content=\"anturiongallery\" \/>\n<meta property=\"article:publisher\" content=\"https:\/\/www.facebook.com\/arteamazonico.org\/\" \/>\n<meta property=\"article:modified_time\" content=\"2026-03-04T10:45:44+00:00\" \/>\n<meta name=\"twitter:card\" content=\"summary_large_image\" \/>\n<meta name=\"twitter:site\" content=\"@FribergRol49493\" \/>\n<meta name=\"twitter:label1\" content=\"Gesch\u00e4tzte Lesezeit\" \/>\n\t<meta name=\"twitter:data1\" content=\"4\u00a0Minuten\" \/>\n<script type=\"application\/ld+json\" class=\"yoast-schema-graph\">{\"@context\":\"https:\\\/\\\/schema.org\",\"@graph\":[{\"@type\":\"WebPage\",\"@id\":\"https:\\\/\\\/anturiongallery.com\\\/de\\\/interieur-design-ideen\\\/\",\"url\":\"https:\\\/\\\/anturiongallery.com\\\/de\\\/interieur-design-ideen\\\/\",\"name\":\"Inspirierende Interieur-Design-Ideen | Anturion Gallery\",\"isPartOf\":{\"@id\":\"https:\\\/\\\/anturiongallery.com\\\/de\\\/#website\"},\"datePublished\":\"2024-02-25T22:05:04+00:00\",\"dateModified\":\"2026-03-04T10:45:44+00:00\",\"description\":\"Inspirierende Interieur-Design-Ideen mit zeitgen\u00f6ssischer amazonischer Kunst. R\u00e4ume voller Atmosph\u00e4re, in denen Kunst zur Erfahrung wird\",\"breadcrumb\":{\"@id\":\"https:\\\/\\\/anturiongallery.com\\\/de\\\/interieur-design-ideen\\\/#breadcrumb\"},\"inLanguage\":\"de\",\"potentialAction\":[{\"@type\":\"ReadAction\",\"target\":[\"https:\\\/\\\/anturiongallery.com\\\/de\\\/interieur-design-ideen\\\/\"]}]},{\"@type\":\"BreadcrumbList\",\"@id\":\"https:\\\/\\\/anturiongallery.com\\\/de\\\/interieur-design-ideen\\\/#breadcrumb\",\"itemListElement\":[{\"@type\":\"ListItem\",\"position\":1,\"name\":\"Home\",\"item\":\"https:\\\/\\\/anturiongallery.com\\\/de\\\/\"},{\"@type\":\"ListItem\",\"position\":2,\"name\":\"Ideen\"}]},{\"@type\":\"WebSite\",\"@id\":\"https:\\\/\\\/anturiongallery.com\\\/de\\\/#website\",\"url\":\"https:\\\/\\\/anturiongallery.com\\\/de\\\/\",\"name\":\"Anturion Gallery | Arte Amaz\u00f3nico\",\"description\":\"Gegenwartskunst aus dem Amazonischen Regenwald\",\"publisher\":{\"@id\":\"https:\\\/\\\/anturiongallery.com\\\/de\\\/#organization\"},\"potentialAction\":[{\"@type\":\"SearchAction\",\"target\":{\"@type\":\"EntryPoint\",\"urlTemplate\":\"https:\\\/\\\/anturiongallery.com\\\/de\\\/?s={search_term_string}\"},\"query-input\":{\"@type\":\"PropertyValueSpecification\",\"valueRequired\":true,\"valueName\":\"search_term_string\"}}],\"inLanguage\":\"de\"},{\"@type\":\"Organization\",\"@id\":\"https:\\\/\\\/anturiongallery.com\\\/de\\\/#organization\",\"name\":\"Anturion Gallery | Arte Amaz\u00f3nico\",\"url\":\"https:\\\/\\\/anturiongallery.com\\\/de\\\/\",\"logo\":{\"@type\":\"ImageObject\",\"inLanguage\":\"de\",\"@id\":\"https:\\\/\\\/anturiongallery.com\\\/de\\\/#\\\/schema\\\/logo\\\/image\\\/\",\"url\":\"https:\\\/\\\/anturiongallery.com\\\/wp-content\\\/uploads\\\/2024\\\/03\\\/AG-YVYVYV.jpeg\",\"contentUrl\":\"https:\\\/\\\/anturiongallery.com\\\/wp-content\\\/uploads\\\/2024\\\/03\\\/AG-YVYVYV.jpeg\",\"width\":1188,\"height\":376,\"caption\":\"Anturion Gallery | Arte Amaz\u00f3nico\"},\"image\":{\"@id\":\"https:\\\/\\\/anturiongallery.com\\\/de\\\/#\\\/schema\\\/logo\\\/image\\\/\"},\"sameAs\":[\"https:\\\/\\\/www.facebook.com\\\/arteamazonico.org\\\/\",\"https:\\\/\\\/x.com\\\/FribergRol49493\",\"https:\\\/\\\/www.linkedin.com\\\/in\\\/fribergrolf\\\/\",\"https:\\\/\\\/www.instagram.com\\\/anturiongallery\\\/\"]}]}<\/script>\n<!-- \/ Yoast SEO plugin. -->","yoast_head_json":{"title":"Inspirierende Interieur-Design-Ideen | Anturion Gallery","description":"Inspirierende Interieur-Design-Ideen mit zeitgen\u00f6ssischer amazonischer Kunst. R\u00e4ume voller Atmosph\u00e4re, in denen Kunst zur Erfahrung wird","robots":{"index":"index","follow":"follow","max-snippet":"max-snippet:-1","max-image-preview":"max-image-preview:large","max-video-preview":"max-video-preview:-1"},"canonical":"https:\/\/anturiongallery.com\/de\/interieur-design-ideen\/","og_locale":"de_DE","og_type":"article","og_title":"Inspirierende Interieur-Design-Ideen | Anturion Gallery","og_description":"Inspirierende Interieur-Design-Ideen mit zeitgen\u00f6ssischer amazonischer Kunst. R\u00e4ume voller Atmosph\u00e4re, in denen Kunst zur Erfahrung wird","og_url":"https:\/\/anturiongallery.com\/de\/interieur-design-ideen\/","og_site_name":"anturiongallery","article_publisher":"https:\/\/www.facebook.com\/arteamazonico.org\/","article_modified_time":"2026-03-04T10:45:44+00:00","twitter_card":"summary_large_image","twitter_site":"@FribergRol49493","twitter_misc":{"Gesch\u00e4tzte Lesezeit":"4\u00a0Minuten"},"schema":{"@context":"https:\/\/schema.org","@graph":[{"@type":"WebPage","@id":"https:\/\/anturiongallery.com\/de\/interieur-design-ideen\/","url":"https:\/\/anturiongallery.com\/de\/interieur-design-ideen\/","name":"Inspirierende Interieur-Design-Ideen | Anturion Gallery","isPartOf":{"@id":"https:\/\/anturiongallery.com\/de\/#website"},"datePublished":"2024-02-25T22:05:04+00:00","dateModified":"2026-03-04T10:45:44+00:00","description":"Inspirierende Interieur-Design-Ideen mit zeitgen\u00f6ssischer amazonischer Kunst. R\u00e4ume voller Atmosph\u00e4re, in denen Kunst zur Erfahrung wird","breadcrumb":{"@id":"https:\/\/anturiongallery.com\/de\/interieur-design-ideen\/#breadcrumb"},"inLanguage":"de","potentialAction":[{"@type":"ReadAction","target":["https:\/\/anturiongallery.com\/de\/interieur-design-ideen\/"]}]},{"@type":"BreadcrumbList","@id":"https:\/\/anturiongallery.com\/de\/interieur-design-ideen\/#breadcrumb","itemListElement":[{"@type":"ListItem","position":1,"name":"Home","item":"https:\/\/anturiongallery.com\/de\/"},{"@type":"ListItem","position":2,"name":"Ideen"}]},{"@type":"WebSite","@id":"https:\/\/anturiongallery.com\/de\/#website","url":"https:\/\/anturiongallery.com\/de\/","name":"Anturion Gallery | Arte Amaz\u00f3nico","description":"Gegenwartskunst aus dem Amazonischen Regenwald","publisher":{"@id":"https:\/\/anturiongallery.com\/de\/#organization"},"potentialAction":[{"@type":"SearchAction","target":{"@type":"EntryPoint","urlTemplate":"https:\/\/anturiongallery.com\/de\/?s={search_term_string}"},"query-input":{"@type":"PropertyValueSpecification","valueRequired":true,"valueName":"search_term_string"}}],"inLanguage":"de"},{"@type":"Organization","@id":"https:\/\/anturiongallery.com\/de\/#organization","name":"Anturion Gallery | Arte Amaz\u00f3nico","url":"https:\/\/anturiongallery.com\/de\/","logo":{"@type":"ImageObject","inLanguage":"de","@id":"https:\/\/anturiongallery.com\/de\/#\/schema\/logo\/image\/","url":"https:\/\/anturiongallery.com\/wp-content\/uploads\/2024\/03\/AG-YVYVYV.jpeg","contentUrl":"https:\/\/anturiongallery.com\/wp-content\/uploads\/2024\/03\/AG-YVYVYV.jpeg","width":1188,"height":376,"caption":"Anturion Gallery | Arte Amaz\u00f3nico"},"image":{"@id":"https:\/\/anturiongallery.com\/de\/#\/schema\/logo\/image\/"},"sameAs":["https:\/\/www.facebook.com\/arteamazonico.org\/","https:\/\/x.com\/FribergRol49493","https:\/\/www.linkedin.com\/in\/fribergrolf\/","https:\/\/www.instagram.com\/anturiongallery\/"]}]}},"_links":{"self":[{"href":"https:\/\/anturiongallery.com\/de\/wp-json\/wp\/v2\/pages\/5420","targetHints":{"allow":["GET"]}}],"collection":[{"href":"https:\/\/anturiongallery.com\/de\/wp-json\/wp\/v2\/pages"}],"about":[{"href":"https:\/\/anturiongallery.com\/de\/wp-json\/wp\/v2\/types\/page"}],"author":[{"embeddable":true,"href":"https:\/\/anturiongallery.com\/de\/wp-json\/wp\/v2\/users\/1"}],"replies":[{"embeddable":true,"href":"https:\/\/anturiongallery.com\/de\/wp-json\/wp\/v2\/comments?post=5420"}],"version-history":[{"count":32,"href":"https:\/\/anturiongallery.com\/de\/wp-json\/wp\/v2\/pages\/5420\/revisions"}],"predecessor-version":[{"id":13280,"href":"https:\/\/anturiongallery.com\/de\/wp-json\/wp\/v2\/pages\/5420\/revisions\/13280"}],"wp:attachment":[{"href":"https:\/\/anturiongallery.com\/de\/wp-json\/wp\/v2\/media?parent=5420"}],"curies":[{"name":"wp","href":"https:\/\/api.w.org\/{rel}","templated":true}]}}