{"id":5426,"date":"2024-02-25T10:32:45","date_gmt":"2024-02-25T09:32:45","guid":{"rendered":"https:\/\/anturiongallery.com\/verfuegbare-werke\/"},"modified":"2026-01-09T19:18:16","modified_gmt":"2026-01-09T18:18:16","slug":"verfuegbare-werke","status":"publish","type":"page","link":"https:\/\/anturiongallery.com\/de\/verfuegbare-werke\/","title":{"rendered":"Verf\u00fcgbare Werke"},"content":{"rendered":"<p>[et_pb_section fb_built=&#8220;1&#8243; _builder_version=&#8220;4.27.5&#8243; _module_preset=&#8220;default&#8220; background_color=&#8220;#001600&#8243; background_enable_image=&#8220;off&#8220; global_colors_info=&#8220;{}&#8220;][et_pb_row _builder_version=&#8220;4.24.2&#8243; _module_preset=&#8220;default&#8220; global_colors_info=&#8220;{}&#8220;][et_pb_column type=&#8220;4_4&#8243; _builder_version=&#8220;4.24.2&#8243; _module_preset=&#8220;default&#8220; global_colors_info=&#8220;{}&#8220;][et_pb_text _builder_version=&#8220;4.27.5&#8243; _module_preset=&#8220;default&#8220; text_font=&#8220;Cormorant SC||||||||&#8220; text_text_color=&#8220;#f9f9c7&#8243; text_font_size=&#8220;31px&#8220; header_text_color=&#8220;#f9f9c7&#8243; text_orientation=&#8220;center&#8220; hover_enabled=&#8220;0&#8243; global_colors_info=&#8220;{}&#8220; sticky_enabled=&#8220;0&#8243;]<\/p>\n<h1>Verf\u00fcgbare Werke<\/h1>\n<p>&nbsp;<\/p>\n<p>[\/et_pb_text][et_pb_text _builder_version=&#8220;4.27.5&#8243; _module_preset=&#8220;default&#8220; header_2_font=&#8220;Cormorant Garamond|300|||||||&#8220; header_2_text_color=&#8220;#f9f9c7&#8243; hover_enabled=&#8220;0&#8243; global_colors_info=&#8220;{}&#8220; sticky_enabled=&#8220;0&#8243; text_font=&#8220;Cormorant SC||||||||&#8220; text_text_color=&#8220;#f9f9c7&#8243; text_font_size=&#8220;31px&#8220; text_orientation=&#8220;center&#8220;]<\/p>\n<h2 class=\"tw-data-text tw-text-large tw-ta\" data-placeholder=\"\u00dcbersetzung\" id=\"tw-target-text\" data-ved=\"2ahUKEwjCq_7q6O-EAxVigP0HHU3DAvAQ3ewLegQIBRAU\" dir=\"ltr\"><span class=\"Y2IQFc\" lang=\"de\">f\u00fcr Ihr Zuhause, Ihr Unternehmen oder ihre Sammlung<\/span><\/h2>\n<p>[\/et_pb_text][et_pb_text _builder_version=&#8220;4.27.5&#8243; _module_preset=&#8220;default&#8220; text_font=&#8220;Cormorant SC||||||||&#8220; text_text_color=&#8220;#f9f9c7&#8243; text_font_size=&#8220;21px&#8220; text_letter_spacing=&#8220;0.5px&#8220; hover_enabled=&#8220;0&#8243; global_colors_info=&#8220;{}&#8220; sticky_enabled=&#8220;0&#8243; text_orientation=&#8220;center&#8220;]<\/p>\n<p class=\"p1\" style=\"text-align: center;\">F\u00fcr weitere Informationen zu den Arbeiten<br \/>freuen wir uns \u00fcber Ihre Kontaktaufnahme<\/p>\n<p>[\/et_pb_text][\/et_pb_column][\/et_pb_row][\/et_pb_section][et_pb_section fb_built=&#8220;1&#8243; _builder_version=&#8220;4.24.2&#8243; _module_preset=&#8220;default&#8220; background_color=&#8220;#001600&#8243; background_enable_image=&#8220;off&#8220; global_colors_info=&#8220;{}&#8220;][et_pb_row _builder_version=&#8220;4.24.2&#8243; _module_preset=&#8220;default&#8220; global_colors_info=&#8220;{}&#8220;][et_pb_column type=&#8220;4_4&#8243; _builder_version=&#8220;4.24.2&#8243; _module_preset=&#8220;default&#8220; global_colors_info=&#8220;{}&#8220;][et_pb_text _builder_version=&#8220;4.24.2&#8243; _module_preset=&#8220;default&#8220; text_font=&#8220;Cormorant SC||||||||&#8220; text_text_color=&#8220;#f9f9c7&#8243; text_font_size=&#8220;31px&#8220; text_orientation=&#8220;center&#8220; hover_enabled=&#8220;0&#8243; global_colors_info=&#8220;{}&#8220;]<\/p>\n<p>Gino Ceccarelli<\/p>\n<p>[\/et_pb_text][et_pb_gallery gallery_ids=&#8220;5251,2073,5257,5263,5272,5275,5278,5281,5433,5447,5455,5461&#8243; posts_number=&#8220;12&#8243; show_pagination=&#8220;off&#8220; zoom_icon_color=&#8220;#E02B20&#8243; hover_overlay_color=&#8220;#000000&#8243; admin_label=&#8220;Galeria&#8220; _builder_version=&#8220;4.27.5&#8243; _module_preset=&#8220;default&#8220; title_text_color=&#8220;#FFFFFF&#8220; caption_text_color=&#8220;#E02B20&#8243; global_colors_info=&#8220;{}&#8220;][\/et_pb_gallery][\/et_pb_column][\/et_pb_row][\/et_pb_section][et_pb_section fb_built=&#8220;1&#8243; _builder_version=&#8220;4.24.2&#8243; _module_preset=&#8220;default&#8220; background_color=&#8220;#001600&#8243; background_enable_image=&#8220;off&#8220; global_colors_info=&#8220;{}&#8220;][et_pb_row _builder_version=&#8220;4.24.2&#8243; _module_preset=&#8220;default&#8220; global_colors_info=&#8220;{}&#8220;][et_pb_column type=&#8220;4_4&#8243; _builder_version=&#8220;4.24.2&#8243; _module_preset=&#8220;default&#8220; global_colors_info=&#8220;{}&#8220;][et_pb_text _builder_version=&#8220;4.27.5&#8243; _module_preset=&#8220;default&#8220; text_font=&#8220;Cormorant SC||||||||&#8220; text_text_color=&#8220;#f9f9c7&#8243; text_font_size=&#8220;31px&#8220; text_orientation=&#8220;center&#8220; hover_enabled=&#8220;0&#8243; global_colors_info=&#8220;{}&#8220; sticky_enabled=&#8220;0&#8243;]<\/p>\n<p>Brus Rubio<\/p>\n<p>&nbsp;<\/p>\n<p>[\/et_pb_text][et_pb_gallery gallery_ids=&#8220;5292,5295,5298,5301,5307&#8243; posts_number=&#8220;12&#8243; show_pagination=&#8220;off&#8220; zoom_icon_color=&#8220;#E02B20&#8243; hover_overlay_color=&#8220;#000000&#8243; admin_label=&#8220;Galeria&#8220; _builder_version=&#8220;4.24.2&#8243; _module_preset=&#8220;default&#8220; title_text_color=&#8220;#FFFFFF&#8220; caption_text_color=&#8220;#E02B20&#8243; global_colors_info=&#8220;{}&#8220;][\/et_pb_gallery][\/et_pb_column][\/et_pb_row][\/et_pb_section][et_pb_section fb_built=&#8220;1&#8243; _builder_version=&#8220;4.24.2&#8243; _module_preset=&#8220;default&#8220; background_color=&#8220;#001600&#8243; background_enable_image=&#8220;off&#8220; global_colors_info=&#8220;{}&#8220;][et_pb_row _builder_version=&#8220;4.24.2&#8243; _module_preset=&#8220;default&#8220; global_colors_info=&#8220;{}&#8220;][et_pb_column type=&#8220;4_4&#8243; _builder_version=&#8220;4.24.2&#8243; _module_preset=&#8220;default&#8220; global_colors_info=&#8220;{}&#8220;][et_pb_text _builder_version=&#8220;4.24.2&#8243; _module_preset=&#8220;default&#8220; text_font=&#8220;Cormorant SC||||||||&#8220; text_text_color=&#8220;#f9f9c7&#8243; text_font_size=&#8220;31px&#8220; text_orientation=&#8220;center&#8220; hover_enabled=&#8220;0&#8243; global_colors_info=&#8220;{}&#8220;]<\/p>\n<p>Rember Yahuarcani<\/p>\n<p>&nbsp;<\/p>\n<p>[\/et_pb_text][et_pb_gallery gallery_ids=&#8220;5311&#8243; show_pagination=&#8220;off&#8220; zoom_icon_color=&#8220;#E02B20&#8243; hover_overlay_color=&#8220;#000000&#8243; admin_label=&#8220;Galeria&#8220; _builder_version=&#8220;4.27.5&#8243; _module_preset=&#8220;default&#8220; title_text_color=&#8220;#FFFFFF&#8220; caption_text_color=&#8220;#E02B20&#8243; global_colors_info=&#8220;{}&#8220;][\/et_pb_gallery][\/et_pb_column][\/et_pb_row][\/et_pb_section][et_pb_section fb_built=&#8220;1&#8243; _builder_version=&#8220;4.24.2&#8243; _module_preset=&#8220;default&#8220; background_color=&#8220;#001600&#8243; background_enable_image=&#8220;off&#8220; global_colors_info=&#8220;{}&#8220;][et_pb_row _builder_version=&#8220;4.24.2&#8243; _module_preset=&#8220;default&#8220; global_colors_info=&#8220;{}&#8220;][et_pb_column type=&#8220;4_4&#8243; _builder_version=&#8220;4.24.2&#8243; _module_preset=&#8220;default&#8220; global_colors_info=&#8220;{}&#8220;][et_pb_text _builder_version=&#8220;4.24.2&#8243; _module_preset=&#8220;default&#8220; text_font=&#8220;Cormorant SC||||||||&#8220; text_text_color=&#8220;#f9f9c7&#8243; text_font_size=&#8220;31px&#8220; text_orientation=&#8220;center&#8220; hover_enabled=&#8220;0&#8243; global_colors_info=&#8220;{}&#8220;]<\/p>\n<p>Christian Benday\u00e1n<\/p>\n<p>&nbsp;<\/p>\n<p>[\/et_pb_text][et_pb_gallery gallery_ids=&#8220;5317&#8243; show_pagination=&#8220;off&#8220; zoom_icon_color=&#8220;#E02B20&#8243; hover_overlay_color=&#8220;#000000&#8243; admin_label=&#8220;Galeria&#8220; _builder_version=&#8220;4.24.2&#8243; _module_preset=&#8220;default&#8220; title_text_color=&#8220;#FFFFFF&#8220; caption_text_color=&#8220;#E02B20&#8243; global_colors_info=&#8220;{}&#8220;][\/et_pb_gallery][\/et_pb_column][\/et_pb_row][\/et_pb_section][et_pb_section fb_built=&#8220;1&#8243; _builder_version=&#8220;4.24.2&#8243; _module_preset=&#8220;default&#8220; background_color=&#8220;#001600&#8243; background_enable_image=&#8220;off&#8220; global_colors_info=&#8220;{}&#8220;][et_pb_row _builder_version=&#8220;4.24.2&#8243; _module_preset=&#8220;default&#8220; global_colors_info=&#8220;{}&#8220;][et_pb_column type=&#8220;4_4&#8243; _builder_version=&#8220;4.24.2&#8243; _module_preset=&#8220;default&#8220; global_colors_info=&#8220;{}&#8220;][et_pb_text _builder_version=&#8220;4.24.2&#8243; _module_preset=&#8220;default&#8220; text_font=&#8220;Cormorant SC||||||||&#8220; text_text_color=&#8220;#f9f9c7&#8243; text_font_size=&#8220;31px&#8220; text_orientation=&#8220;center&#8220; hover_enabled=&#8220;0&#8243; global_colors_info=&#8220;{}&#8220;]<\/p>\n<p>Miguel Vilca Vargas<\/p>\n<p>&nbsp;<\/p>\n<p>[\/et_pb_text][et_pb_gallery gallery_ids=&#8220;5322,5338,5335,5341,5344,5347,5350&#8243; posts_number=&#8220;8&#8243; show_pagination=&#8220;off&#8220; zoom_icon_color=&#8220;#E02B20&#8243; hover_overlay_color=&#8220;#000000&#8243; admin_label=&#8220;Galeria&#8220; _builder_version=&#8220;4.24.2&#8243; _module_preset=&#8220;default&#8220; title_text_color=&#8220;#FFFFFF&#8220; caption_text_color=&#8220;#E02B20&#8243; global_colors_info=&#8220;{}&#8220;][\/et_pb_gallery][\/et_pb_column][\/et_pb_row][\/et_pb_section][et_pb_section fb_built=&#8220;1&#8243; _builder_version=&#8220;4.27.0&#8243; _module_preset=&#8220;default&#8220; background_color=&#8220;#001600&#8243; background_enable_image=&#8220;off&#8220; global_colors_info=&#8220;{}&#8220;][et_pb_row _builder_version=&#8220;4.24.2&#8243; _module_preset=&#8220;default&#8220; global_colors_info=&#8220;{}&#8220;][et_pb_column type=&#8220;4_4&#8243; _builder_version=&#8220;4.24.2&#8243; _module_preset=&#8220;default&#8220; global_colors_info=&#8220;{}&#8220;][et_pb_text _builder_version=&#8220;4.24.2&#8243; _module_preset=&#8220;default&#8220; text_font=&#8220;Cormorant SC||||||||&#8220; text_text_color=&#8220;#f9f9c7&#8243; text_font_size=&#8220;31px&#8220; text_orientation=&#8220;center&#8220; hover_enabled=&#8220;0&#8243; global_colors_info=&#8220;{}&#8220;]<\/p>\n<p>Antonio Garcia Castillo<\/p>\n<p>&nbsp;<\/p>\n<p>[\/et_pb_text][et_pb_gallery gallery_ids=&#8220;5358,5436&#8243; show_pagination=&#8220;off&#8220; zoom_icon_color=&#8220;#E02B20&#8243; hover_overlay_color=&#8220;#000000&#8243; admin_label=&#8220;Galeria&#8220; _builder_version=&#8220;4.24.2&#8243; _module_preset=&#8220;default&#8220; title_text_color=&#8220;#FFFFFF&#8220; caption_text_color=&#8220;#E02B20&#8243; global_colors_info=&#8220;{}&#8220;][\/et_pb_gallery][\/et_pb_column][\/et_pb_row][\/et_pb_section][et_pb_section fb_built=&#8220;1&#8243; _builder_version=&#8220;4.24.2&#8243; _module_preset=&#8220;default&#8220; background_color=&#8220;#001600&#8243; background_enable_image=&#8220;off&#8220; global_colors_info=&#8220;{}&#8220;][et_pb_row _builder_version=&#8220;4.24.2&#8243; _module_preset=&#8220;default&#8220; global_colors_info=&#8220;{}&#8220;][et_pb_column type=&#8220;4_4&#8243; _builder_version=&#8220;4.24.2&#8243; _module_preset=&#8220;default&#8220; global_colors_info=&#8220;{}&#8220;][et_pb_text _builder_version=&#8220;4.24.2&#8243; _module_preset=&#8220;default&#8220; text_font=&#8220;Cormorant SC||||||||&#8220; text_text_color=&#8220;#f9f9c7&#8243; text_font_size=&#8220;31px&#8220; text_orientation=&#8220;center&#8220; hover_enabled=&#8220;0&#8243; global_colors_info=&#8220;{}&#8220;]<\/p>\n<p>Graciela Arias Salazar<\/p>\n<p>&nbsp;<\/p>\n<p>[\/et_pb_text][et_pb_gallery gallery_ids=&#8220;5366,5369&#8243; show_pagination=&#8220;off&#8220; zoom_icon_color=&#8220;#E02B20&#8243; hover_overlay_color=&#8220;#000000&#8243; admin_label=&#8220;Galeria&#8220; _builder_version=&#8220;4.24.2&#8243; _module_preset=&#8220;default&#8220; title_text_color=&#8220;#FFFFFF&#8220; caption_text_color=&#8220;#E02B20&#8243; global_colors_info=&#8220;{}&#8220;][\/et_pb_gallery][\/et_pb_column][\/et_pb_row][\/et_pb_section][et_pb_section fb_built=&#8220;1&#8243; _builder_version=&#8220;4.24.2&#8243; _module_preset=&#8220;default&#8220; background_color=&#8220;#001600&#8243; background_enable_image=&#8220;off&#8220; global_colors_info=&#8220;{}&#8220;][et_pb_row _builder_version=&#8220;4.24.2&#8243; _module_preset=&#8220;default&#8220; global_colors_info=&#8220;{}&#8220;][et_pb_column type=&#8220;4_4&#8243; _builder_version=&#8220;4.24.2&#8243; _module_preset=&#8220;default&#8220; global_colors_info=&#8220;{}&#8220;][et_pb_text _builder_version=&#8220;4.24.2&#8243; _module_preset=&#8220;default&#8220; text_font=&#8220;Cormorant SC||||||||&#8220; text_text_color=&#8220;#f9f9c7&#8243; text_font_size=&#8220;31px&#8220; text_orientation=&#8220;center&#8220; hover_enabled=&#8220;0&#8243; global_colors_info=&#8220;{}&#8220;]<\/p>\n<p>Luis Mart\u00ednez Davila<\/p>\n<p>&nbsp;<\/p>\n<p>[\/et_pb_text][et_pb_gallery gallery_ids=&#8220;5372&#8243; show_pagination=&#8220;off&#8220; zoom_icon_color=&#8220;#E02B20&#8243; hover_overlay_color=&#8220;#000000&#8243; admin_label=&#8220;Galeria&#8220; _builder_version=&#8220;4.24.2&#8243; _module_preset=&#8220;default&#8220; title_text_color=&#8220;#FFFFFF&#8220; caption_text_color=&#8220;#E02B20&#8243; global_colors_info=&#8220;{}&#8220;][\/et_pb_gallery][\/et_pb_column][\/et_pb_row][\/et_pb_section][et_pb_section fb_built=&#8220;1&#8243; _builder_version=&#8220;4.27.5&#8243; _module_preset=&#8220;default&#8220; background_color=&#8220;#001600&#8243; global_colors_info=&#8220;{}&#8220;][\/et_pb_section]<\/p>\n","protected":false},"excerpt":{"rendered":"<p>Zeitgen\u00f6ssische amazonische Kunst, die den Geist des Regenwaldes in Ihre R\u00e4ume bringt \u2013 lebendig, sinnlich und voller Bedeutung.<\/p>\n","protected":false},"author":1,"featured_media":0,"parent":0,"menu_order":0,"comment_status":"closed","ping_status":"closed","template":"","meta":{"_et_pb_use_builder":"on","_et_pb_old_content":"","_et_gb_content_width":"","footnotes":""},"class_list":["post-5426","page","type-page","status-publish","hentry"],"yoast_head":"<!-- This site is optimized with the Yoast SEO plugin v27.3 - https:\/\/yoast.com\/product\/yoast-seo-wordpress\/ -->\n<title>Verf\u00fcgbare Werke, Amazonische Kunst | Anturion Gallery<\/title>\n<meta name=\"description\" content=\"Verf\u00fcgbare Werke, amazonische Kunst bringt den lebendigen Regenwald in ihre R\u00e4ume.\" \/>\n<meta name=\"robots\" content=\"index, follow, max-snippet:-1, max-image-preview:large, max-video-preview:-1\" \/>\n<link rel=\"canonical\" href=\"https:\/\/anturiongallery.com\/de\/verfuegbare-werke\/\" \/>\n<meta property=\"og:locale\" content=\"de_DE\" \/>\n<meta property=\"og:type\" content=\"article\" \/>\n<meta property=\"og:title\" content=\"Verf\u00fcgbare Werke, Amazonische Kunst | Anturion Gallery\" \/>\n<meta property=\"og:description\" content=\"Verf\u00fcgbare Werke, amazonische Kunst bringt den lebendigen Regenwald in ihre R\u00e4ume.\" \/>\n<meta property=\"og:url\" content=\"https:\/\/anturiongallery.com\/de\/verfuegbare-werke\/\" \/>\n<meta property=\"og:site_name\" content=\"anturiongallery\" \/>\n<meta property=\"article:publisher\" content=\"https:\/\/www.facebook.com\/arteamazonico.org\/\" \/>\n<meta property=\"article:modified_time\" content=\"2026-01-09T18:18:16+00:00\" \/>\n<meta name=\"twitter:card\" content=\"summary_large_image\" \/>\n<meta name=\"twitter:site\" content=\"@FribergRol49493\" \/>\n<meta name=\"twitter:label1\" content=\"Gesch\u00e4tzte Lesezeit\" \/>\n\t<meta name=\"twitter:data1\" content=\"8\u00a0Minuten\" \/>\n<script type=\"application\/ld+json\" class=\"yoast-schema-graph\">{\"@context\":\"https:\\\/\\\/schema.org\",\"@graph\":[{\"@type\":\"WebPage\",\"@id\":\"https:\\\/\\\/anturiongallery.com\\\/de\\\/verfuegbare-werke\\\/\",\"url\":\"https:\\\/\\\/anturiongallery.com\\\/de\\\/verfuegbare-werke\\\/\",\"name\":\"Verf\u00fcgbare Werke, Amazonische Kunst | Anturion Gallery\",\"isPartOf\":{\"@id\":\"https:\\\/\\\/anturiongallery.com\\\/de\\\/#website\"},\"datePublished\":\"2024-02-25T09:32:45+00:00\",\"dateModified\":\"2026-01-09T18:18:16+00:00\",\"description\":\"Verf\u00fcgbare Werke, amazonische Kunst bringt den lebendigen Regenwald in ihre R\u00e4ume.\",\"breadcrumb\":{\"@id\":\"https:\\\/\\\/anturiongallery.com\\\/de\\\/verfuegbare-werke\\\/#breadcrumb\"},\"inLanguage\":\"de\",\"potentialAction\":[{\"@type\":\"ReadAction\",\"target\":[\"https:\\\/\\\/anturiongallery.com\\\/de\\\/verfuegbare-werke\\\/\"]}]},{\"@type\":\"BreadcrumbList\",\"@id\":\"https:\\\/\\\/anturiongallery.com\\\/de\\\/verfuegbare-werke\\\/#breadcrumb\",\"itemListElement\":[{\"@type\":\"ListItem\",\"position\":1,\"name\":\"Home\",\"item\":\"https:\\\/\\\/anturiongallery.com\\\/de\\\/\"},{\"@type\":\"ListItem\",\"position\":2,\"name\":\"Verf\u00fcgbare Werke\"}]},{\"@type\":\"WebSite\",\"@id\":\"https:\\\/\\\/anturiongallery.com\\\/de\\\/#website\",\"url\":\"https:\\\/\\\/anturiongallery.com\\\/de\\\/\",\"name\":\"Anturion Gallery | Arte Amaz\u00f3nico\",\"description\":\"Gegenwartskunst aus dem Amazonischen Regenwald\",\"publisher\":{\"@id\":\"https:\\\/\\\/anturiongallery.com\\\/de\\\/#organization\"},\"potentialAction\":[{\"@type\":\"SearchAction\",\"target\":{\"@type\":\"EntryPoint\",\"urlTemplate\":\"https:\\\/\\\/anturiongallery.com\\\/de\\\/?s={search_term_string}\"},\"query-input\":{\"@type\":\"PropertyValueSpecification\",\"valueRequired\":true,\"valueName\":\"search_term_string\"}}],\"inLanguage\":\"de\"},{\"@type\":\"Organization\",\"@id\":\"https:\\\/\\\/anturiongallery.com\\\/de\\\/#organization\",\"name\":\"Anturion Gallery | Arte Amaz\u00f3nico\",\"url\":\"https:\\\/\\\/anturiongallery.com\\\/de\\\/\",\"logo\":{\"@type\":\"ImageObject\",\"inLanguage\":\"de\",\"@id\":\"https:\\\/\\\/anturiongallery.com\\\/de\\\/#\\\/schema\\\/logo\\\/image\\\/\",\"url\":\"https:\\\/\\\/anturiongallery.com\\\/wp-content\\\/uploads\\\/2024\\\/03\\\/AG-YVYVYV.jpeg\",\"contentUrl\":\"https:\\\/\\\/anturiongallery.com\\\/wp-content\\\/uploads\\\/2024\\\/03\\\/AG-YVYVYV.jpeg\",\"width\":1188,\"height\":376,\"caption\":\"Anturion Gallery | Arte Amaz\u00f3nico\"},\"image\":{\"@id\":\"https:\\\/\\\/anturiongallery.com\\\/de\\\/#\\\/schema\\\/logo\\\/image\\\/\"},\"sameAs\":[\"https:\\\/\\\/www.facebook.com\\\/arteamazonico.org\\\/\",\"https:\\\/\\\/x.com\\\/FribergRol49493\",\"https:\\\/\\\/www.linkedin.com\\\/in\\\/fribergrolf\\\/\",\"https:\\\/\\\/www.instagram.com\\\/anturiongallery\\\/\"]}]}<\/script>\n<!-- \/ Yoast SEO plugin. -->","yoast_head_json":{"title":"Verf\u00fcgbare Werke, Amazonische Kunst | Anturion Gallery","description":"Verf\u00fcgbare Werke, amazonische Kunst bringt den lebendigen Regenwald in ihre R\u00e4ume.","robots":{"index":"index","follow":"follow","max-snippet":"max-snippet:-1","max-image-preview":"max-image-preview:large","max-video-preview":"max-video-preview:-1"},"canonical":"https:\/\/anturiongallery.com\/de\/verfuegbare-werke\/","og_locale":"de_DE","og_type":"article","og_title":"Verf\u00fcgbare Werke, Amazonische Kunst | Anturion Gallery","og_description":"Verf\u00fcgbare Werke, amazonische Kunst bringt den lebendigen Regenwald in ihre R\u00e4ume.","og_url":"https:\/\/anturiongallery.com\/de\/verfuegbare-werke\/","og_site_name":"anturiongallery","article_publisher":"https:\/\/www.facebook.com\/arteamazonico.org\/","article_modified_time":"2026-01-09T18:18:16+00:00","twitter_card":"summary_large_image","twitter_site":"@FribergRol49493","twitter_misc":{"Gesch\u00e4tzte Lesezeit":"8\u00a0Minuten"},"schema":{"@context":"https:\/\/schema.org","@graph":[{"@type":"WebPage","@id":"https:\/\/anturiongallery.com\/de\/verfuegbare-werke\/","url":"https:\/\/anturiongallery.com\/de\/verfuegbare-werke\/","name":"Verf\u00fcgbare Werke, Amazonische Kunst | Anturion Gallery","isPartOf":{"@id":"https:\/\/anturiongallery.com\/de\/#website"},"datePublished":"2024-02-25T09:32:45+00:00","dateModified":"2026-01-09T18:18:16+00:00","description":"Verf\u00fcgbare Werke, amazonische Kunst bringt den lebendigen Regenwald in ihre R\u00e4ume.","breadcrumb":{"@id":"https:\/\/anturiongallery.com\/de\/verfuegbare-werke\/#breadcrumb"},"inLanguage":"de","potentialAction":[{"@type":"ReadAction","target":["https:\/\/anturiongallery.com\/de\/verfuegbare-werke\/"]}]},{"@type":"BreadcrumbList","@id":"https:\/\/anturiongallery.com\/de\/verfuegbare-werke\/#breadcrumb","itemListElement":[{"@type":"ListItem","position":1,"name":"Home","item":"https:\/\/anturiongallery.com\/de\/"},{"@type":"ListItem","position":2,"name":"Verf\u00fcgbare Werke"}]},{"@type":"WebSite","@id":"https:\/\/anturiongallery.com\/de\/#website","url":"https:\/\/anturiongallery.com\/de\/","name":"Anturion Gallery | Arte Amaz\u00f3nico","description":"Gegenwartskunst aus dem Amazonischen Regenwald","publisher":{"@id":"https:\/\/anturiongallery.com\/de\/#organization"},"potentialAction":[{"@type":"SearchAction","target":{"@type":"EntryPoint","urlTemplate":"https:\/\/anturiongallery.com\/de\/?s={search_term_string}"},"query-input":{"@type":"PropertyValueSpecification","valueRequired":true,"valueName":"search_term_string"}}],"inLanguage":"de"},{"@type":"Organization","@id":"https:\/\/anturiongallery.com\/de\/#organization","name":"Anturion Gallery | Arte Amaz\u00f3nico","url":"https:\/\/anturiongallery.com\/de\/","logo":{"@type":"ImageObject","inLanguage":"de","@id":"https:\/\/anturiongallery.com\/de\/#\/schema\/logo\/image\/","url":"https:\/\/anturiongallery.com\/wp-content\/uploads\/2024\/03\/AG-YVYVYV.jpeg","contentUrl":"https:\/\/anturiongallery.com\/wp-content\/uploads\/2024\/03\/AG-YVYVYV.jpeg","width":1188,"height":376,"caption":"Anturion Gallery | Arte Amaz\u00f3nico"},"image":{"@id":"https:\/\/anturiongallery.com\/de\/#\/schema\/logo\/image\/"},"sameAs":["https:\/\/www.facebook.com\/arteamazonico.org\/","https:\/\/x.com\/FribergRol49493","https:\/\/www.linkedin.com\/in\/fribergrolf\/","https:\/\/www.instagram.com\/anturiongallery\/"]}]}},"_links":{"self":[{"href":"https:\/\/anturiongallery.com\/de\/wp-json\/wp\/v2\/pages\/5426","targetHints":{"allow":["GET"]}}],"collection":[{"href":"https:\/\/anturiongallery.com\/de\/wp-json\/wp\/v2\/pages"}],"about":[{"href":"https:\/\/anturiongallery.com\/de\/wp-json\/wp\/v2\/types\/page"}],"author":[{"embeddable":true,"href":"https:\/\/anturiongallery.com\/de\/wp-json\/wp\/v2\/users\/1"}],"replies":[{"embeddable":true,"href":"https:\/\/anturiongallery.com\/de\/wp-json\/wp\/v2\/comments?post=5426"}],"version-history":[{"count":15,"href":"https:\/\/anturiongallery.com\/de\/wp-json\/wp\/v2\/pages\/5426\/revisions"}],"predecessor-version":[{"id":12702,"href":"https:\/\/anturiongallery.com\/de\/wp-json\/wp\/v2\/pages\/5426\/revisions\/12702"}],"wp:attachment":[{"href":"https:\/\/anturiongallery.com\/de\/wp-json\/wp\/v2\/media?parent=5426"}],"curies":[{"name":"wp","href":"https:\/\/api.w.org\/{rel}","templated":true}]}}