{"id":8104,"date":"2023-12-15T21:33:58","date_gmt":"2023-12-15T20:33:58","guid":{"rendered":"https:\/\/anturiongallery.com\/blogs\/"},"modified":"2025-11-22T19:18:46","modified_gmt":"2025-11-22T18:18:46","slug":"blogs","status":"publish","type":"page","link":"https:\/\/anturiongallery.com\/de\/blogs\/","title":{"rendered":"Blogs"},"content":{"rendered":"<p>[et_pb_section fb_built=&#8220;1&#8243; theme_builder_area=&#8220;post_content&#8220; _builder_version=&#8220;4.27.4&#8243; _module_preset=&#8220;default&#8220; background_color=&#8220;#000a00&#8243; hover_enabled=&#8220;0&#8243; sticky_enabled=&#8220;0&#8243;][et_pb_row _builder_version=&#8220;4.27.4&#8243; _module_preset=&#8220;default&#8220; custom_padding=&#8220;27px|||||&#8220; hover_enabled=&#8220;0&#8243; global_colors_info=&#8220;{}&#8220; background_color=&#8220;#000a00&#8243; sticky_enabled=&#8220;0&#8243; theme_builder_area=&#8220;post_content&#8220;][et_pb_column type=&#8220;4_4&#8243; _builder_version=&#8220;4.22.0&#8243; _module_preset=&#8220;default&#8220; global_colors_info=&#8220;{}&#8220; theme_builder_area=&#8220;post_content&#8220;][et_pb_text _builder_version=&#8220;4.27.4&#8243; _module_preset=&#8220;9c11ba28-b657-4e00-b709-bf3ac1d0fed7&#8243; text_font=&#8220;Lato|300|||||||&#8220; header_font=&#8220;Lato|300|||||||&#8220; header_text_color=&#8220;#E02B20&#8243; background_color=&#8220;#000a00&#8243; hover_enabled=&#8220;0&#8243; global_colors_info=&#8220;{}&#8220; sticky_enabled=&#8220;0&#8243; theme_builder_area=&#8220;post_content&#8220;]<\/p>\n<h1 style=\"text-align: center;\">Blogs<\/h1>\n<p>[\/et_pb_text][et_pb_text _builder_version=&#8220;4.27.4&#8243; _module_preset=&#8220;default&#8220; text_text_color=&#8220;#6affd5&#8243; text_font_size=&#8220;17px&#8220; global_colors_info=&#8220;{}&#8220; theme_builder_area=&#8220;post_content&#8220;]<\/p>\n<p class=\"p1\" style=\"text-align: center;\">In diesem Bereich finden Sie Artikel und Blogs \u00fcber<span class=\"s1\"> indigene und amazonische Kunst,<\/span><br \/>ein Raum zur Reflexion \u00fcber K\u00fcnstler, Traditionen und den kulturellen Wandel im Amazonas.<\/p>\n<p>.<\/p>\n<p>[\/et_pb_text][et_pb_blog include_categories=&#8220;1,all,current,34&#8243; excerpt_length=&#8220;160&#8243; show_date=&#8220;off&#8220; show_categories=&#8220;off&#8220; show_pagination=&#8220;off&#8220; masonry_tile_background_color=&#8220;#E09900&#8243; _builder_version=&#8220;4.27.0&#8243; _module_preset=&#8220;f80f335b-5e19-4c99-80bb-4208da2af773&#8243; header_font=&#8220;Georgia|600|||||||&#8220; body_font=&#8220;Cormorant Garamond|500|||||||&#8220; body_text_color=&#8220;#000000&#8243; body_font_size=&#8220;20px&#8220; body_line_height=&#8220;1.2em&#8220; locked=&#8220;off&#8220; global_colors_info=&#8220;{}&#8220; theme_builder_area=&#8220;post_content&#8220;][\/et_pb_blog][\/et_pb_column][\/et_pb_row][\/et_pb_section][et_pb_section fb_built=&#8220;1&#8243; admin_label=&#8220;Subscribe&#8220; _builder_version=&#8220;4.27.4&#8243; _module_preset=&#8220;default&#8220; background_color=&#8220;#000a00&#8243; background_enable_image=&#8220;off&#8220; locked=&#8220;off&#8220; collapsed=&#8220;off&#8220; global_colors_info=&#8220;{%22gcid-28366106-ecf8-496b-97f0-6a9be6882356%22:%91%22background_color%22%93}&#8220;][et_pb_row column_structure=&#8220;1_2,1_2&#8243; _builder_version=&#8220;4.27.4&#8243; _module_preset=&#8220;default&#8220; background_color=&#8220;#000a00&#8243; border_radii=&#8220;on|15px|15px|15px|15px&#8220; global_colors_info=&#8220;{}&#8220;][et_pb_column type=&#8220;1_2&#8243; _builder_version=&#8220;4.23.1&#8243; _module_preset=&#8220;default&#8220; background_color=&#8220;#000000&#8243; background_image=&#8220;https:\/\/anturiongallery.com\/wp-content\/uploads\/2023\/12\/fashion-sunglasses-16.jpg&#8220; border_radii=&#8220;on|20px|20px|20px|20px&#8220; global_colors_info=&#8220;{}&#8220;][et_pb_divider show_divider=&#8220;off&#8220; _builder_version=&#8220;4.23.1&#8243; _module_preset=&#8220;default&#8220; background_color=&#8220;#ffffff&#8220; background_image=&#8220;https:\/\/anturiongallery.com\/wp-content\/uploads\/2023\/12\/Ceramica-Shipibo-Cara.jpeg&#8220; height=&#8220;341px&#8220; height_tablet=&#8220;40vw&#8220; height_phone=&#8220;40vw&#8220; height_last_edited=&#8220;on|desktop&#8220; locked=&#8220;off&#8220; global_colors_info=&#8220;{}&#8220;][\/et_pb_divider][\/et_pb_column][et_pb_column type=&#8220;1_2&#8243; _builder_version=&#8220;4.22.0&#8243; _module_preset=&#8220;default&#8220; custom_padding=&#8220;60px||60px||true|false&#8220; custom_padding_tablet=&#8220;0px||0px||true|false&#8220; custom_padding_phone=&#8220;0px||0px||true|false&#8220; custom_padding_last_edited=&#8220;on|desktop&#8220; global_colors_info=&#8220;{}&#8220;][et_pb_text _builder_version=&#8220;4.23.1&#8243; _module_preset=&#8220;d3b75936-0404-40be-815e-5260ad72654e&#8220; text_font=&#8220;Lato|300|||||||&#8220; text_text_color=&#8220;#E02B20&#8243; text_font_size=&#8220;30px&#8220; header_font=&#8220;Lato|300|||||||&#8220; header_text_color=&#8220;#E02B20&#8243; header_2_font=&#8220;Lato|300|||||||&#8220; header_2_text_color=&#8220;#E02B20&#8243; background_color=&#8220;#000000&#8243; custom_margin=&#8220;||10px||false|false&#8220; global_colors_info=&#8220;{}&#8220;]<\/p>\n<p>Aboniere unseren Newsletter<\/p>\n<p>[\/et_pb_text][et_pb_text _builder_version=&#8220;4.23.1&#8243; _module_preset=&#8220;e9bf7267-8741-42b2-a371-8775ff7d3142&#8243; text_font=&#8220;Lato|300|||||||&#8220; text_text_color=&#8220;#E02B20&#8243; header_font=&#8220;Lato|300|||||||&#8220; header_2_font=&#8220;|300|||||||&#8220; global_colors_info=&#8220;{}&#8220;]<\/p>\n<p>bekomme einzigartige News<\/p>\n<p>[\/et_pb_text][et_pb_signup mailchimp_list=&#8220;undefined|elegantthemestest|1ea2bbd026&#8243; first_name_field=&#8220;off&#8220; last_name_field=&#8220;off&#8220; _builder_version=&#8220;4.23.1&#8243; _module_preset=&#8220;3a1752fe-1681-420c-85f4-1cc4c78f0b2d&#8220; form_field_background_color=&#8220;#000000&#8243; form_field_text_color=&#8220;#E02B20&#8243; form_field_focus_background_color=&#8220;#E02B20&#8243; form_field_focus_text_color=&#8220;#FFFFFF&#8220; header_font=&#8220;Lato|300|||||||&#8220; form_field_font=&#8220;Lato||||||||&#8220; button_text_color=&#8220;#E02B20&#8243; button_bg_color=&#8220;#000000&#8243; button_border_width=&#8220;2px&#8220; button_border_color=&#8220;#E02B20&#8243; button_font=&#8220;Lato|||on|||||&#8220; link_option_url=&#8220;\/info@anturiongallery.com&#8220; border_color_all_fields=&#8220;#E02B20&#8243; locked=&#8220;off&#8220; global_colors_info=&#8220;{%22gcid-28ee6c14-4dda-4188-8b60-5d7790f11e4d%22:%91%22border_color_all%22,%22border_color_all%22,%22border_color_all%22%93}&#8220;][\/et_pb_signup][\/et_pb_column][\/et_pb_row][\/et_pb_section]<\/p>\n","protected":false},"excerpt":{"rendered":"<p>Erkunden Sie Beitr\u00e4ge und Blogs \u00fcber indigene und amazonische Kunst \u2013 ein Dialog zwischen Tradition, Identit\u00e4t und kulturellem Wandel.<\/p>\n","protected":false},"author":1,"featured_media":4337,"parent":0,"menu_order":0,"comment_status":"closed","ping_status":"closed","template":"","meta":{"_et_pb_use_builder":"on","_et_pb_old_content":"","_et_gb_content_width":"","footnotes":""},"class_list":["post-8104","page","type-page","status-publish","has-post-thumbnail","hentry"],"yoast_head":"<!-- This site is optimized with the Yoast SEO plugin v27.3 - https:\/\/yoast.com\/product\/yoast-seo-wordpress\/ -->\n<title>Blogs \u00fcber Indigene und Amazonische Kunst | Anturion Gallery<\/title>\n<meta name=\"description\" content=\"Blogs \u00fcber indigene und amazonische Kunst \u2013 Artikel \u00fcber K\u00fcnstler, Geschichte, Traditionen und \u00fcber den kulturellen Wandel im Amazonas\" \/>\n<meta name=\"robots\" content=\"index, follow, max-snippet:-1, max-image-preview:large, max-video-preview:-1\" \/>\n<link rel=\"canonical\" href=\"https:\/\/anturiongallery.com\/de\/blogs\/\" \/>\n<meta property=\"og:locale\" content=\"de_DE\" \/>\n<meta property=\"og:type\" content=\"article\" \/>\n<meta property=\"og:title\" content=\"Blogs \u00fcber Indigene und Amazonische Kunst | Anturion Gallery\" \/>\n<meta property=\"og:description\" content=\"Blogs \u00fcber indigene und amazonische Kunst \u2013 Artikel \u00fcber K\u00fcnstler, Geschichte, Traditionen und \u00fcber den kulturellen Wandel im Amazonas\" \/>\n<meta property=\"og:url\" content=\"https:\/\/anturiongallery.com\/de\/blogs\/\" \/>\n<meta property=\"og:site_name\" content=\"anturiongallery\" \/>\n<meta property=\"article:publisher\" content=\"https:\/\/www.facebook.com\/arteamazonico.org\/\" \/>\n<meta property=\"article:modified_time\" content=\"2025-11-22T18:18:46+00:00\" \/>\n<meta property=\"og:image\" content=\"https:\/\/anturiongallery.com\/wp-content\/uploads\/2023\/12\/6000.jpeg\" \/>\n\t<meta property=\"og:image:width\" content=\"1240\" \/>\n\t<meta property=\"og:image:height\" content=\"744\" \/>\n\t<meta property=\"og:image:type\" content=\"image\/jpeg\" \/>\n<meta name=\"twitter:card\" content=\"summary_large_image\" \/>\n<meta name=\"twitter:site\" content=\"@FribergRol49493\" \/>\n<meta name=\"twitter:label1\" content=\"Gesch\u00e4tzte Lesezeit\" \/>\n\t<meta name=\"twitter:data1\" content=\"2\u00a0Minuten\" \/>\n<script type=\"application\/ld+json\" class=\"yoast-schema-graph\">{\"@context\":\"https:\\\/\\\/schema.org\",\"@graph\":[{\"@type\":\"WebPage\",\"@id\":\"https:\\\/\\\/anturiongallery.com\\\/de\\\/blogs\\\/\",\"url\":\"https:\\\/\\\/anturiongallery.com\\\/de\\\/blogs\\\/\",\"name\":\"Blogs \u00fcber Indigene und Amazonische Kunst | Anturion Gallery\",\"isPartOf\":{\"@id\":\"https:\\\/\\\/anturiongallery.com\\\/de\\\/#website\"},\"primaryImageOfPage\":{\"@id\":\"https:\\\/\\\/anturiongallery.com\\\/de\\\/blogs\\\/#primaryimage\"},\"image\":{\"@id\":\"https:\\\/\\\/anturiongallery.com\\\/de\\\/blogs\\\/#primaryimage\"},\"thumbnailUrl\":\"https:\\\/\\\/anturiongallery.com\\\/wp-content\\\/uploads\\\/2023\\\/12\\\/6000.jpeg\",\"datePublished\":\"2023-12-15T20:33:58+00:00\",\"dateModified\":\"2025-11-22T18:18:46+00:00\",\"description\":\"Blogs \u00fcber indigene und amazonische Kunst \u2013 Artikel \u00fcber K\u00fcnstler, Geschichte, Traditionen und \u00fcber den kulturellen Wandel im Amazonas\",\"breadcrumb\":{\"@id\":\"https:\\\/\\\/anturiongallery.com\\\/de\\\/blogs\\\/#breadcrumb\"},\"inLanguage\":\"de\",\"potentialAction\":[{\"@type\":\"ReadAction\",\"target\":[\"https:\\\/\\\/anturiongallery.com\\\/de\\\/blogs\\\/\"]}]},{\"@type\":\"ImageObject\",\"inLanguage\":\"de\",\"@id\":\"https:\\\/\\\/anturiongallery.com\\\/de\\\/blogs\\\/#primaryimage\",\"url\":\"https:\\\/\\\/anturiongallery.com\\\/wp-content\\\/uploads\\\/2023\\\/12\\\/6000.jpeg\",\"contentUrl\":\"https:\\\/\\\/anturiongallery.com\\\/wp-content\\\/uploads\\\/2023\\\/12\\\/6000.jpeg\",\"width\":1240,\"height\":744,\"caption\":\"Chiribiquete\"},{\"@type\":\"BreadcrumbList\",\"@id\":\"https:\\\/\\\/anturiongallery.com\\\/de\\\/blogs\\\/#breadcrumb\",\"itemListElement\":[{\"@type\":\"ListItem\",\"position\":1,\"name\":\"Home\",\"item\":\"https:\\\/\\\/anturiongallery.com\\\/de\\\/\"},{\"@type\":\"ListItem\",\"position\":2,\"name\":\"Blogs\"}]},{\"@type\":\"WebSite\",\"@id\":\"https:\\\/\\\/anturiongallery.com\\\/de\\\/#website\",\"url\":\"https:\\\/\\\/anturiongallery.com\\\/de\\\/\",\"name\":\"Anturion Gallery | Arte Amaz\u00f3nico\",\"description\":\"Gegenwartskunst aus dem Amazonischen Regenwald\",\"publisher\":{\"@id\":\"https:\\\/\\\/anturiongallery.com\\\/de\\\/#organization\"},\"potentialAction\":[{\"@type\":\"SearchAction\",\"target\":{\"@type\":\"EntryPoint\",\"urlTemplate\":\"https:\\\/\\\/anturiongallery.com\\\/de\\\/?s={search_term_string}\"},\"query-input\":{\"@type\":\"PropertyValueSpecification\",\"valueRequired\":true,\"valueName\":\"search_term_string\"}}],\"inLanguage\":\"de\"},{\"@type\":\"Organization\",\"@id\":\"https:\\\/\\\/anturiongallery.com\\\/de\\\/#organization\",\"name\":\"Anturion Gallery | Arte Amaz\u00f3nico\",\"url\":\"https:\\\/\\\/anturiongallery.com\\\/de\\\/\",\"logo\":{\"@type\":\"ImageObject\",\"inLanguage\":\"de\",\"@id\":\"https:\\\/\\\/anturiongallery.com\\\/de\\\/#\\\/schema\\\/logo\\\/image\\\/\",\"url\":\"https:\\\/\\\/anturiongallery.com\\\/wp-content\\\/uploads\\\/2024\\\/03\\\/AG-YVYVYV.jpeg\",\"contentUrl\":\"https:\\\/\\\/anturiongallery.com\\\/wp-content\\\/uploads\\\/2024\\\/03\\\/AG-YVYVYV.jpeg\",\"width\":1188,\"height\":376,\"caption\":\"Anturion Gallery | Arte Amaz\u00f3nico\"},\"image\":{\"@id\":\"https:\\\/\\\/anturiongallery.com\\\/de\\\/#\\\/schema\\\/logo\\\/image\\\/\"},\"sameAs\":[\"https:\\\/\\\/www.facebook.com\\\/arteamazonico.org\\\/\",\"https:\\\/\\\/x.com\\\/FribergRol49493\",\"https:\\\/\\\/www.linkedin.com\\\/in\\\/fribergrolf\\\/\",\"https:\\\/\\\/www.instagram.com\\\/anturiongallery\\\/\"]}]}<\/script>\n<!-- \/ Yoast SEO plugin. -->","yoast_head_json":{"title":"Blogs \u00fcber Indigene und Amazonische Kunst | Anturion Gallery","description":"Blogs \u00fcber indigene und amazonische Kunst \u2013 Artikel \u00fcber K\u00fcnstler, Geschichte, Traditionen und \u00fcber den kulturellen Wandel im Amazonas","robots":{"index":"index","follow":"follow","max-snippet":"max-snippet:-1","max-image-preview":"max-image-preview:large","max-video-preview":"max-video-preview:-1"},"canonical":"https:\/\/anturiongallery.com\/de\/blogs\/","og_locale":"de_DE","og_type":"article","og_title":"Blogs \u00fcber Indigene und Amazonische Kunst | Anturion Gallery","og_description":"Blogs \u00fcber indigene und amazonische Kunst \u2013 Artikel \u00fcber K\u00fcnstler, Geschichte, Traditionen und \u00fcber den kulturellen Wandel im Amazonas","og_url":"https:\/\/anturiongallery.com\/de\/blogs\/","og_site_name":"anturiongallery","article_publisher":"https:\/\/www.facebook.com\/arteamazonico.org\/","article_modified_time":"2025-11-22T18:18:46+00:00","og_image":[{"width":1240,"height":744,"url":"https:\/\/anturiongallery.com\/wp-content\/uploads\/2023\/12\/6000.jpeg","type":"image\/jpeg"}],"twitter_card":"summary_large_image","twitter_site":"@FribergRol49493","twitter_misc":{"Gesch\u00e4tzte Lesezeit":"2\u00a0Minuten"},"schema":{"@context":"https:\/\/schema.org","@graph":[{"@type":"WebPage","@id":"https:\/\/anturiongallery.com\/de\/blogs\/","url":"https:\/\/anturiongallery.com\/de\/blogs\/","name":"Blogs \u00fcber Indigene und Amazonische Kunst | Anturion Gallery","isPartOf":{"@id":"https:\/\/anturiongallery.com\/de\/#website"},"primaryImageOfPage":{"@id":"https:\/\/anturiongallery.com\/de\/blogs\/#primaryimage"},"image":{"@id":"https:\/\/anturiongallery.com\/de\/blogs\/#primaryimage"},"thumbnailUrl":"https:\/\/anturiongallery.com\/wp-content\/uploads\/2023\/12\/6000.jpeg","datePublished":"2023-12-15T20:33:58+00:00","dateModified":"2025-11-22T18:18:46+00:00","description":"Blogs \u00fcber indigene und amazonische Kunst \u2013 Artikel \u00fcber K\u00fcnstler, Geschichte, Traditionen und \u00fcber den kulturellen Wandel im Amazonas","breadcrumb":{"@id":"https:\/\/anturiongallery.com\/de\/blogs\/#breadcrumb"},"inLanguage":"de","potentialAction":[{"@type":"ReadAction","target":["https:\/\/anturiongallery.com\/de\/blogs\/"]}]},{"@type":"ImageObject","inLanguage":"de","@id":"https:\/\/anturiongallery.com\/de\/blogs\/#primaryimage","url":"https:\/\/anturiongallery.com\/wp-content\/uploads\/2023\/12\/6000.jpeg","contentUrl":"https:\/\/anturiongallery.com\/wp-content\/uploads\/2023\/12\/6000.jpeg","width":1240,"height":744,"caption":"Chiribiquete"},{"@type":"BreadcrumbList","@id":"https:\/\/anturiongallery.com\/de\/blogs\/#breadcrumb","itemListElement":[{"@type":"ListItem","position":1,"name":"Home","item":"https:\/\/anturiongallery.com\/de\/"},{"@type":"ListItem","position":2,"name":"Blogs"}]},{"@type":"WebSite","@id":"https:\/\/anturiongallery.com\/de\/#website","url":"https:\/\/anturiongallery.com\/de\/","name":"Anturion Gallery | Arte Amaz\u00f3nico","description":"Gegenwartskunst aus dem Amazonischen Regenwald","publisher":{"@id":"https:\/\/anturiongallery.com\/de\/#organization"},"potentialAction":[{"@type":"SearchAction","target":{"@type":"EntryPoint","urlTemplate":"https:\/\/anturiongallery.com\/de\/?s={search_term_string}"},"query-input":{"@type":"PropertyValueSpecification","valueRequired":true,"valueName":"search_term_string"}}],"inLanguage":"de"},{"@type":"Organization","@id":"https:\/\/anturiongallery.com\/de\/#organization","name":"Anturion Gallery | Arte Amaz\u00f3nico","url":"https:\/\/anturiongallery.com\/de\/","logo":{"@type":"ImageObject","inLanguage":"de","@id":"https:\/\/anturiongallery.com\/de\/#\/schema\/logo\/image\/","url":"https:\/\/anturiongallery.com\/wp-content\/uploads\/2024\/03\/AG-YVYVYV.jpeg","contentUrl":"https:\/\/anturiongallery.com\/wp-content\/uploads\/2024\/03\/AG-YVYVYV.jpeg","width":1188,"height":376,"caption":"Anturion Gallery | Arte Amaz\u00f3nico"},"image":{"@id":"https:\/\/anturiongallery.com\/de\/#\/schema\/logo\/image\/"},"sameAs":["https:\/\/www.facebook.com\/arteamazonico.org\/","https:\/\/x.com\/FribergRol49493","https:\/\/www.linkedin.com\/in\/fribergrolf\/","https:\/\/www.instagram.com\/anturiongallery\/"]}]}},"_links":{"self":[{"href":"https:\/\/anturiongallery.com\/de\/wp-json\/wp\/v2\/pages\/8104","targetHints":{"allow":["GET"]}}],"collection":[{"href":"https:\/\/anturiongallery.com\/de\/wp-json\/wp\/v2\/pages"}],"about":[{"href":"https:\/\/anturiongallery.com\/de\/wp-json\/wp\/v2\/types\/page"}],"author":[{"embeddable":true,"href":"https:\/\/anturiongallery.com\/de\/wp-json\/wp\/v2\/users\/1"}],"replies":[{"embeddable":true,"href":"https:\/\/anturiongallery.com\/de\/wp-json\/wp\/v2\/comments?post=8104"}],"version-history":[{"count":23,"href":"https:\/\/anturiongallery.com\/de\/wp-json\/wp\/v2\/pages\/8104\/revisions"}],"predecessor-version":[{"id":10616,"href":"https:\/\/anturiongallery.com\/de\/wp-json\/wp\/v2\/pages\/8104\/revisions\/10616"}],"wp:featuredmedia":[{"embeddable":true,"href":"https:\/\/anturiongallery.com\/de\/wp-json\/wp\/v2\/media\/4337"}],"wp:attachment":[{"href":"https:\/\/anturiongallery.com\/de\/wp-json\/wp\/v2\/media?parent=8104"}],"curies":[{"name":"wp","href":"https:\/\/api.w.org\/{rel}","templated":true}]}}